{"id":10026,"date":"2021-03-09T15:31:31","date_gmt":"2021-03-09T14:31:31","guid":{"rendered":"https:\/\/chiny-tourisme.be\/?page_id=10026"},"modified":"2021-03-09T15:32:38","modified_gmt":"2021-03-09T14:32:38","slug":"lenvolee","status":"publish","type":"page","link":"https:\/\/chiny-tourisme.be\/nl\/lenvolee\/","title":{"rendered":"G\u00eete L&#8217;Envol\u00e9e 4-5 pers"},"content":{"rendered":"<h1>G\u00eete L&#8217;Envol\u00e9e<\/h1>\n<p><img loading=\"lazy\" decoding=\"async\" class=\"alignnone size-medium wp-image-9941\" src=\"https:\/\/chiny-tourisme.be\/wp-content\/uploads\/2021\/02\/0014_Lenvolee-16-300x200.jpg\" alt=\"\" width=\"300\" height=\"200\" srcset=\"https:\/\/chiny-tourisme.be\/wp-content\/uploads\/2021\/02\/0014_Lenvolee-16-300x200.jpg 300w, https:\/\/chiny-tourisme.be\/wp-content\/uploads\/2021\/02\/0014_Lenvolee-16-768x512.jpg 768w, https:\/\/chiny-tourisme.be\/wp-content\/uploads\/2021\/02\/0014_Lenvolee-16-705x470.jpg 705w, https:\/\/chiny-tourisme.be\/wp-content\/uploads\/2021\/02\/0014_Lenvolee-16-450x300.jpg 450w, https:\/\/chiny-tourisme.be\/wp-content\/uploads\/2021\/02\/0014_Lenvolee-16.jpg 1000w\" sizes=\"auto, (max-width: 300px) 100vw, 300px\" \/><img loading=\"lazy\" decoding=\"async\" class=\"alignnone size-medium wp-image-9939\" src=\"https:\/\/chiny-tourisme.be\/wp-content\/uploads\/2021\/02\/0012_Lenvolee-6-300x200.jpg\" alt=\"\" width=\"300\" height=\"200\" srcset=\"https:\/\/chiny-tourisme.be\/wp-content\/uploads\/2021\/02\/0012_Lenvolee-6-300x200.jpg 300w, https:\/\/chiny-tourisme.be\/wp-content\/uploads\/2021\/02\/0012_Lenvolee-6-768x512.jpg 768w, https:\/\/chiny-tourisme.be\/wp-content\/uploads\/2021\/02\/0012_Lenvolee-6-705x470.jpg 705w, https:\/\/chiny-tourisme.be\/wp-content\/uploads\/2021\/02\/0012_Lenvolee-6-450x300.jpg 450w, https:\/\/chiny-tourisme.be\/wp-content\/uploads\/2021\/02\/0012_Lenvolee-6.jpg 1000w\" sizes=\"auto, (max-width: 300px) 100vw, 300px\" \/><img loading=\"lazy\" decoding=\"async\" class=\"alignnone size-medium wp-image-9937\" src=\"https:\/\/chiny-tourisme.be\/wp-content\/uploads\/2021\/02\/Love\u00a7Roseali2-300x200.jpg\" alt=\"\" width=\"300\" height=\"200\" srcset=\"https:\/\/chiny-tourisme.be\/wp-content\/uploads\/2021\/02\/Love\u00a7Roseali2-300x200.jpg 300w, https:\/\/chiny-tourisme.be\/wp-content\/uploads\/2021\/02\/Love\u00a7Roseali2-768x512.jpg 768w, https:\/\/chiny-tourisme.be\/wp-content\/uploads\/2021\/02\/Love\u00a7Roseali2-705x470.jpg 705w, https:\/\/chiny-tourisme.be\/wp-content\/uploads\/2021\/02\/Love\u00a7Roseali2-450x300.jpg 450w, https:\/\/chiny-tourisme.be\/wp-content\/uploads\/2021\/02\/Love\u00a7Roseali2.jpg 1000w\" sizes=\"auto, (max-width: 300px) 100vw, 300px\" \/><img loading=\"lazy\" decoding=\"async\" class=\"alignnone size-medium wp-image-9935\" src=\"https:\/\/chiny-tourisme.be\/wp-content\/uploads\/2021\/02\/Love-et-RoseAli-1-300x200.jpg\" alt=\"\" width=\"300\" height=\"200\" srcset=\"https:\/\/chiny-tourisme.be\/wp-content\/uploads\/2021\/02\/Love-et-RoseAli-1-300x200.jpg 300w, https:\/\/chiny-tourisme.be\/wp-content\/uploads\/2021\/02\/Love-et-RoseAli-1-768x512.jpg 768w, https:\/\/chiny-tourisme.be\/wp-content\/uploads\/2021\/02\/Love-et-RoseAli-1-705x470.jpg 705w, https:\/\/chiny-tourisme.be\/wp-content\/uploads\/2021\/02\/Love-et-RoseAli-1-450x300.jpg 450w, https:\/\/chiny-tourisme.be\/wp-content\/uploads\/2021\/02\/Love-et-RoseAli-1.jpg 1000w\" sizes=\"auto, (max-width: 300px) 100vw, 300px\" \/><img loading=\"lazy\" decoding=\"async\" class=\"alignnone size-medium wp-image-9933\" src=\"https:\/\/chiny-tourisme.be\/wp-content\/uploads\/2021\/02\/0015_Lenvolee-22-300x200.jpg\" alt=\"\" width=\"300\" height=\"200\" srcset=\"https:\/\/chiny-tourisme.be\/wp-content\/uploads\/2021\/02\/0015_Lenvolee-22-300x200.jpg 300w, https:\/\/chiny-tourisme.be\/wp-content\/uploads\/2021\/02\/0015_Lenvolee-22-768x512.jpg 768w, https:\/\/chiny-tourisme.be\/wp-content\/uploads\/2021\/02\/0015_Lenvolee-22-705x470.jpg 705w, https:\/\/chiny-tourisme.be\/wp-content\/uploads\/2021\/02\/0015_Lenvolee-22-450x300.jpg 450w, https:\/\/chiny-tourisme.be\/wp-content\/uploads\/2021\/02\/0015_Lenvolee-22.jpg 1000w\" sizes=\"auto, (max-width: 300px) 100vw, 300px\" \/><\/p>\n<p>4-5 p. 3 korenaren (sterren)<\/p>\n<p>Deze vakantiewoning bevat: 2 slaapkamers, zitkamer, keuken, 2 WC, badkamer met douche, garage voor fietsen, moto. Buiten: tuin met gazon, terras en BBQ.<\/p>\n<p>\u201cL\u2019Envol\u00e9e\u201d is in de nabijheid van de dorpskern in een rijhuis en beschikt over 2 verdiepingen. Een geplaveide binnenkoer biedt eetruimte, ontspanning, spel en BBQ.<\/p>\n<p>Kleine tuin met gras.<\/p>\n<p>Parkeerplaats voor de vakantiewoning. Een afgesloten bijgebouw (voormalige schrijnwerkerij)\u00a0 biedt nachtelijke bergruimte voor Kayaks, fietsen, motoren, alsook voor kinderspeelgoed.<\/p>\n<p>Toegang tot de Semois op 350m. Vertrekpunt voor afdalingen met de kayak en talrijke wandelingen in het Ardens en Gaumees woud.<\/p>\n<div class=\"texte\">Mme Ma\u00eetrejean R\u00e9gine<\/div>\n<div class=\"texte\">Adresse: Rue de l\u2019Embarcad\u00e8re, 4 \u00e0 6810 Chiny<\/div>\n<div class=\"texte\"><a href=\"http:\/\/www.lenvolee.be\">www.lenvolee.be<\/a><br \/>\nT\u00e9l.: 061 23 47 02<\/div>\n<div class=\"texte\">Mobile: 0474 28 23 36<br \/>\nEmail: <a href=\"m&#97;&#105;&#x6c;&#x74;o:&#114;&#101;&#x67;&#x69;ne&#46;&#109;&#x61;&#x69;tr&#101;&#x6a;&#x65;&#x61;n&#64;&#115;&#x63;&#x61;&#x72;l&#101;&#116;&#x2e;&#x62;&#x65;\">&#x72;&#x65;&#x67;&#x69;&#x6e;&#x65;&#x2e;&#109;&#97;&#105;&#116;&#114;ejea&#x6e;&#x40;&#x73;&#x63;&#x61;&#x72;&#x6c;&#x65;&#116;&#46;&#98;&#101;<\/a><\/div>\n<div>Photos de \u00ab\u00a0Love &amp; Rose\u2019ali\u00a0\u00bb<\/div>\n","protected":false},"excerpt":{"rendered":"<p>G\u00eete L&#8217;Envol\u00e9e 4-5 p. 3 korenaren (sterren) Deze vakantiewoning bevat: 2 slaapkamers, zitkamer, keuken, 2 WC, badkamer met douche, garage voor fietsen, moto. Buiten: tuin met gazon, terras en BBQ. \u201cL\u2019Envol\u00e9e\u201d is in de nabijheid van de dorpskern in een rijhuis en beschikt over 2 verdiepingen. Een geplaveide binnenkoer biedt eetruimte, ontspanning, spel en BBQ. [&hellip;]<\/p>\n","protected":false},"author":2,"featured_media":0,"parent":0,"menu_order":0,"comment_status":"closed","ping_status":"closed","template":"","meta":{"footnotes":""},"class_list":["post-10026","page","type-page","status-publish","hentry"],"yoast_head":"<!-- This site is optimized with the Yoast SEO plugin v26.8 - https:\/\/yoast.com\/product\/yoast-seo-wordpress\/ -->\n<title>G\u00eete L&#039;Envol\u00e9e 4-5 pers - Bureau de Tourisme de Chiny SI<\/title>\n<meta name=\"robots\" content=\"index, follow, max-snippet:-1, max-image-preview:large, max-video-preview:-1\" \/>\n<link rel=\"canonical\" href=\"https:\/\/chiny-tourisme.be\/nl\/lenvolee\/\" \/>\n<meta property=\"og:locale\" content=\"nl_NL\" \/>\n<meta property=\"og:type\" content=\"article\" \/>\n<meta property=\"og:title\" content=\"G\u00eete L&#039;Envol\u00e9e 4-5 pers - Bureau de Tourisme de Chiny SI\" \/>\n<meta property=\"og:description\" content=\"G\u00eete L&#8217;Envol\u00e9e 4-5 p. 3 korenaren (sterren) Deze vakantiewoning bevat: 2 slaapkamers, zitkamer, keuken, 2 WC, badkamer met douche, garage voor fietsen, moto. Buiten: tuin met gazon, terras en BBQ. \u201cL\u2019Envol\u00e9e\u201d is in de nabijheid van de dorpskern in een rijhuis en beschikt over 2 verdiepingen. Een geplaveide binnenkoer biedt eetruimte, ontspanning, spel en BBQ. [&hellip;]\" \/>\n<meta property=\"og:url\" content=\"https:\/\/chiny-tourisme.be\/nl\/lenvolee\/\" \/>\n<meta property=\"og:site_name\" content=\"Bureau de Tourisme de Chiny SI\" \/>\n<meta property=\"article:publisher\" content=\"https:\/\/www.facebook.com\/ChinyTourisme\/\" \/>\n<meta property=\"article:modified_time\" content=\"2021-03-09T14:32:38+00:00\" \/>\n<meta property=\"og:image\" content=\"https:\/\/chiny-tourisme.be\/wp-content\/uploads\/2021\/02\/0014_Lenvolee-16-300x200.jpg\" \/>\n<meta name=\"twitter:card\" content=\"summary_large_image\" \/>\n<meta name=\"twitter:label1\" content=\"Geschatte leestijd\" \/>\n\t<meta name=\"twitter:data1\" content=\"1 minuut\" \/>\n<script type=\"application\/ld+json\" class=\"yoast-schema-graph\">{\"@context\":\"https:\/\/schema.org\",\"@graph\":[{\"@type\":\"WebPage\",\"@id\":\"https:\/\/chiny-tourisme.be\/nl\/lenvolee\/\",\"url\":\"https:\/\/chiny-tourisme.be\/nl\/lenvolee\/\",\"name\":\"G\u00eete L'Envol\u00e9e 4-5 pers - Bureau de Tourisme de Chiny SI\",\"isPartOf\":{\"@id\":\"https:\/\/chiny-tourisme.be\/#website\"},\"primaryImageOfPage\":{\"@id\":\"https:\/\/chiny-tourisme.be\/nl\/lenvolee\/#primaryimage\"},\"image\":{\"@id\":\"https:\/\/chiny-tourisme.be\/nl\/lenvolee\/#primaryimage\"},\"thumbnailUrl\":\"https:\/\/chiny-tourisme.be\/wp-content\/uploads\/2021\/02\/0014_Lenvolee-16-300x200.jpg\",\"datePublished\":\"2021-03-09T14:31:31+00:00\",\"dateModified\":\"2021-03-09T14:32:38+00:00\",\"breadcrumb\":{\"@id\":\"https:\/\/chiny-tourisme.be\/nl\/lenvolee\/#breadcrumb\"},\"inLanguage\":\"nl-NL\",\"potentialAction\":[{\"@type\":\"ReadAction\",\"target\":[\"https:\/\/chiny-tourisme.be\/nl\/lenvolee\/\"]}]},{\"@type\":\"ImageObject\",\"inLanguage\":\"nl-NL\",\"@id\":\"https:\/\/chiny-tourisme.be\/nl\/lenvolee\/#primaryimage\",\"url\":\"https:\/\/chiny-tourisme.be\/wp-content\/uploads\/2021\/02\/0014_Lenvolee-16-300x200.jpg\",\"contentUrl\":\"https:\/\/chiny-tourisme.be\/wp-content\/uploads\/2021\/02\/0014_Lenvolee-16-300x200.jpg\"},{\"@type\":\"BreadcrumbList\",\"@id\":\"https:\/\/chiny-tourisme.be\/nl\/lenvolee\/#breadcrumb\",\"itemListElement\":[{\"@type\":\"ListItem\",\"position\":1,\"name\":\"Accueil\",\"item\":\"https:\/\/chiny-tourisme.be\/nl\/\"},{\"@type\":\"ListItem\",\"position\":2,\"name\":\"G\u00eete L&rsquo;Envol\u00e9e 4-5 pers\"}]},{\"@type\":\"WebSite\",\"@id\":\"https:\/\/chiny-tourisme.be\/#website\",\"url\":\"https:\/\/chiny-tourisme.be\/\",\"name\":\"Bureau de Tourisme de Chiny SI\",\"description\":\"Le centre d&#039;information \u00e0 Chiny-village\",\"potentialAction\":[{\"@type\":\"SearchAction\",\"target\":{\"@type\":\"EntryPoint\",\"urlTemplate\":\"https:\/\/chiny-tourisme.be\/?s={search_term_string}\"},\"query-input\":{\"@type\":\"PropertyValueSpecification\",\"valueRequired\":true,\"valueName\":\"search_term_string\"}}],\"inLanguage\":\"nl-NL\"}]}<\/script>\n<!-- \/ Yoast SEO plugin. -->","yoast_head_json":{"title":"G\u00eete L'Envol\u00e9e 4-5 pers - Bureau de Tourisme de Chiny SI","robots":{"index":"index","follow":"follow","max-snippet":"max-snippet:-1","max-image-preview":"max-image-preview:large","max-video-preview":"max-video-preview:-1"},"canonical":"https:\/\/chiny-tourisme.be\/nl\/lenvolee\/","og_locale":"nl_NL","og_type":"article","og_title":"G\u00eete L'Envol\u00e9e 4-5 pers - Bureau de Tourisme de Chiny SI","og_description":"G\u00eete L&#8217;Envol\u00e9e 4-5 p. 3 korenaren (sterren) Deze vakantiewoning bevat: 2 slaapkamers, zitkamer, keuken, 2 WC, badkamer met douche, garage voor fietsen, moto. Buiten: tuin met gazon, terras en BBQ. \u201cL\u2019Envol\u00e9e\u201d is in de nabijheid van de dorpskern in een rijhuis en beschikt over 2 verdiepingen. Een geplaveide binnenkoer biedt eetruimte, ontspanning, spel en BBQ. [&hellip;]","og_url":"https:\/\/chiny-tourisme.be\/nl\/lenvolee\/","og_site_name":"Bureau de Tourisme de Chiny SI","article_publisher":"https:\/\/www.facebook.com\/ChinyTourisme\/","article_modified_time":"2021-03-09T14:32:38+00:00","og_image":[{"url":"https:\/\/chiny-tourisme.be\/wp-content\/uploads\/2021\/02\/0014_Lenvolee-16-300x200.jpg","type":"","width":"","height":""}],"twitter_card":"summary_large_image","twitter_misc":{"Geschatte leestijd":"1 minuut"},"schema":{"@context":"https:\/\/schema.org","@graph":[{"@type":"WebPage","@id":"https:\/\/chiny-tourisme.be\/nl\/lenvolee\/","url":"https:\/\/chiny-tourisme.be\/nl\/lenvolee\/","name":"G\u00eete L'Envol\u00e9e 4-5 pers - Bureau de Tourisme de Chiny SI","isPartOf":{"@id":"https:\/\/chiny-tourisme.be\/#website"},"primaryImageOfPage":{"@id":"https:\/\/chiny-tourisme.be\/nl\/lenvolee\/#primaryimage"},"image":{"@id":"https:\/\/chiny-tourisme.be\/nl\/lenvolee\/#primaryimage"},"thumbnailUrl":"https:\/\/chiny-tourisme.be\/wp-content\/uploads\/2021\/02\/0014_Lenvolee-16-300x200.jpg","datePublished":"2021-03-09T14:31:31+00:00","dateModified":"2021-03-09T14:32:38+00:00","breadcrumb":{"@id":"https:\/\/chiny-tourisme.be\/nl\/lenvolee\/#breadcrumb"},"inLanguage":"nl-NL","potentialAction":[{"@type":"ReadAction","target":["https:\/\/chiny-tourisme.be\/nl\/lenvolee\/"]}]},{"@type":"ImageObject","inLanguage":"nl-NL","@id":"https:\/\/chiny-tourisme.be\/nl\/lenvolee\/#primaryimage","url":"https:\/\/chiny-tourisme.be\/wp-content\/uploads\/2021\/02\/0014_Lenvolee-16-300x200.jpg","contentUrl":"https:\/\/chiny-tourisme.be\/wp-content\/uploads\/2021\/02\/0014_Lenvolee-16-300x200.jpg"},{"@type":"BreadcrumbList","@id":"https:\/\/chiny-tourisme.be\/nl\/lenvolee\/#breadcrumb","itemListElement":[{"@type":"ListItem","position":1,"name":"Accueil","item":"https:\/\/chiny-tourisme.be\/nl\/"},{"@type":"ListItem","position":2,"name":"G\u00eete L&rsquo;Envol\u00e9e 4-5 pers"}]},{"@type":"WebSite","@id":"https:\/\/chiny-tourisme.be\/#website","url":"https:\/\/chiny-tourisme.be\/","name":"Bureau de Tourisme de Chiny SI","description":"Le centre d&#039;information \u00e0 Chiny-village","potentialAction":[{"@type":"SearchAction","target":{"@type":"EntryPoint","urlTemplate":"https:\/\/chiny-tourisme.be\/?s={search_term_string}"},"query-input":{"@type":"PropertyValueSpecification","valueRequired":true,"valueName":"search_term_string"}}],"inLanguage":"nl-NL"}]}},"_links":{"self":[{"href":"https:\/\/chiny-tourisme.be\/nl\/wp-json\/wp\/v2\/pages\/10026","targetHints":{"allow":["GET"]}}],"collection":[{"href":"https:\/\/chiny-tourisme.be\/nl\/wp-json\/wp\/v2\/pages"}],"about":[{"href":"https:\/\/chiny-tourisme.be\/nl\/wp-json\/wp\/v2\/types\/page"}],"author":[{"embeddable":true,"href":"https:\/\/chiny-tourisme.be\/nl\/wp-json\/wp\/v2\/users\/2"}],"replies":[{"embeddable":true,"href":"https:\/\/chiny-tourisme.be\/nl\/wp-json\/wp\/v2\/comments?post=10026"}],"version-history":[{"count":3,"href":"https:\/\/chiny-tourisme.be\/nl\/wp-json\/wp\/v2\/pages\/10026\/revisions"}],"predecessor-version":[{"id":10028,"href":"https:\/\/chiny-tourisme.be\/nl\/wp-json\/wp\/v2\/pages\/10026\/revisions\/10028"}],"wp:attachment":[{"href":"https:\/\/chiny-tourisme.be\/nl\/wp-json\/wp\/v2\/media?parent=10026"}],"curies":[{"name":"wp","href":"https:\/\/api.w.org\/{rel}","templated":true}]}}