{"id":11004,"date":"2015-08-14T12:30:05","date_gmt":"2015-08-14T10:30:05","guid":{"rendered":"https:\/\/chiny-tourisme.be\/overnachting-chiny\/gite-chiny-huren\/gite-latelier\/"},"modified":"2022-04-09T14:15:25","modified_gmt":"2022-04-09T12:15:25","slug":"gite-latelier","status":"publish","type":"page","link":"https:\/\/chiny-tourisme.be\/nl\/overnachting-chiny\/gite-chiny-huren\/gite-latelier\/","title":{"rendered":"G\u00eete L&#8217;Atelier"},"content":{"rendered":"\n<style type=\"text\/css\" data-created_by=\"avia_inline_auto\" id=\"style-css-av-48vsaw-e19c3c15268dc79bfb23e68d013543e1\">\n.flex_column.av-48vsaw-e19c3c15268dc79bfb23e68d013543e1{\nborder-radius:0px 0px 0px 0px;\npadding:0px 0px 0px 0px;\n}\n<\/style>\n<div  class='flex_column av-48vsaw-e19c3c15268dc79bfb23e68d013543e1 av_one_full  avia-builder-el-0  el_before_av_masonry_gallery  avia-builder-el-no-sibling  first flex_column_div av-zero-column-padding  '     ><section  class='av_textblock_section av-35hymw-d1d58d4521edc5a90a795ca564b285a7 '   itemscope=\"itemscope\" itemtype=\"https:\/\/schema.org\/CreativeWork\" ><div class='avia_textblock'  itemprop=\"text\" ><h1><strong>G\u00eete de l&#8217;Atelier <\/strong><\/h1>\n<p>Viviane en Jean zijn daar aanwezig om jullie te laten genieten van een vriendelijk en persoonlijk welkom en om jullie te helpen met tips voor een ontspannend en leerzaam verblijf.<\/p>\n<p>Teneinde jullie optimaal te ontvangen, zijn onze vakantiewoningen\u00a0 gebouwd om te voldoen aan de meest ambitieuze wensen wat betreft comfort, gezien in de filosofie van de geest van de vakantiewoningen in onze streek. Jullie zullen werkelijk ge\u00efntegreerd zijn in het dagelijks leven van Chiny, met al zijn diensten en comfort dat je mag verwachten. Niets ontbreekt om u het ganse jaar te laten genieten van heerlijke momenten.<\/p>\n<p>Geniet van de rust van de natuur in de vakantiewoningen \u2018 de la scierie de Chiny\u2019, gelegen aan de rand van het bos, aan het vertrekpunt van verschillende bewegwijzerde wandelingen en in de buurt van de Semois. Bij ons kan u zich volledig overgeven aan het genot van: wandelen, ritjes te paard, vissen, varen met een platboot of een kajak op de Semois, en nog ontelbare andere activiteiten die je kan ontdekken.<\/p>\n<p>Er is mogelijkheid om met eigen paarden te komen (maximum 4). Alle daartoe nodige infrastructuur is aanwezig: een elektrisch afgebakende weide en stal geschikt voor de paarden , tevens voedsel, hooi en de nodige logistiek.<\/p>\n<p>Onze eerste vakantiewoning, genoemd \u2018l\u2019Atelier\u2019 heeft een capaciteit van 7 personen en 2 kleine kinderen. Ze is volledig ingericht in een nieuw gebouw, voor dit doeleinde opgericht in 2005.<\/p>\n<p>Op een oppervlakte van 90 m2, volledig gelijkvloers, dus toegankelijk voor personen met een fysieke beperking is alle hedendaags comfort aanwezig:<\/p>\n<p>Algemene beschrijving:<\/p>\n<ul>\n<li>1 inkomhal<\/li>\n<li>1 woonkamer ( TV, DVD, internetverbinding, WiFi, HiFi )<\/li>\n<li>1 open haard (typische gezelligheid van de streek)<\/li>\n<li>1 keuken (koelkast, combi-oven, vitro keramische kookplaat, vaatwasmachine)<\/li>\n<li>3 comfortabele kamers<\/li>\n<li>1 badkamer met zitbad en wc<\/li>\n<li>1 extra wc<\/li>\n<li>1 douchekamer in verbinding met 2 van de kamers<\/li>\n<\/ul>\n<p>Gedetailleerde beschrijving van de slaapkamers:<\/p>\n<ul>\n<li>1 kamer met 1 tweepersoons bed<\/li>\n<li>1 kamer met 3 \u00e9\u00e9npersoons bedden<\/li>\n<li>1 kamer met 2 \u00e9\u00e9npersoons bedden<\/li>\n<\/ul>\n<p>( 2 kinderbedjes beschikbaar)<\/p>\n<p>Praktische details:<\/p>\n<ul>\n<li>Een wasmachine<\/li>\n<li>Elektrische verwarming<\/li>\n<li>Toegang tot de tuin<\/li>\n<li>Barbecue ruimte<\/li>\n<li>Terras<\/li>\n<li>Vaste priv\u00e9 parkeerplaats<\/li>\n<\/ul>\n<p>Contact: Jean Thomas en Viviane Koob<\/p>\n<p>Rue de le scierie, 1\u00a0\u00a0 B-6810 Chiny<\/p>\n<p>Mobiel\u00a0: F \u2013 NL \u2013 UK\u00a0: 0032 472 780 687<\/p>\n<p>E-mail\u00a0: <a href=\"m&#97;&#x69;&#x6c;t&#111;&#x3a;&#x69;n&#102;&#x6f;&#x40;c&#104;&#x69;&#x6e;y&#103;&#x69;&#x74;e&#115;&#46;&#x62;&#x65;\">&#x69;n&#x66;&#111;&#x40;&#99;h&#x69;n&#x79;&#103;&#x69;&#116;e&#x73;&#46;&#x62;&#101;<\/a><\/p>\n<p>Website: <a href=\"http:\/\/www.chinygites.be\">www.chinygites.be<\/a><\/p>\n<\/div><\/section><\/div>\n<div id='av-masonry-1' class='av-masonry av-l1rtk3k4-473a0ab251f59c1e66fb8ee19d725e1c noHover av-flex-size av-large-gap av-hover-overlay-active av-masonry-animation-active av-masonry-col-flexible av-caption-always av-caption-style- av-masonry-gallery ' data-post_id=\"11004\"><div class=\"av-masonry-container isotope av-js-disabled\"><div class='av-masonry-entry isotope-item av-masonry-item-no-image '><\/div><a href=\"https:\/\/chiny-tourisme.be\/wp-content\/uploads\/2022\/04\/Img001Small.jpg\"  aria-label=\"afbeelding Img001Small\"  id='av-masonry-1-item-10999' data-av-masonry-item='10999' class='av-masonry-entry isotope-item post-10999 attachment type-attachment status-inherit hentry  av-masonry-item-with-image' title=\"Img001Small\" alt=\"\"    itemprop=\"thumbnailUrl\" ><div class='av-inner-masonry-sizer'><\/div><figure class='av-inner-masonry main_color'><div class=\"av-masonry-outerimage-container\"><div class='av-masonry-image-container'  ><img decoding=\"async\" width=\"80\" height=\"60\" fetchpriority=\"high\" class=\"wp-image-10999 avia-img-lazy-loading-not-10999\"  src=\"https:\/\/chiny-tourisme.be\/wp-content\/uploads\/2022\/04\/Img001Small.jpg\" title=\"Img001Small\" alt=\"\" \/><\/div><\/div><figcaption class='av-inner-masonry-content site-background'><div class='av-inner-masonry-content-pos'><div class='av-inner-masonry-content-pos-content'><div class='avia-arrow'><\/div><h3 class='av-masonry-entry-title entry-title '  itemprop=\"headline\" >Img001Small<\/h3><\/div><\/div><\/figcaption><\/figure><\/a><!--end av-masonry entry--><a href=\"https:\/\/chiny-tourisme.be\/wp-content\/uploads\/2022\/04\/Img002Small.jpg\"  aria-label=\"afbeelding Img002Small\"  id='av-masonry-1-item-11001' data-av-masonry-item='11001' class='av-masonry-entry isotope-item post-11001 attachment type-attachment status-inherit hentry  av-masonry-item-with-image' title=\"Img002Small\" alt=\"\"    itemprop=\"thumbnailUrl\" ><div class='av-inner-masonry-sizer'><\/div><figure class='av-inner-masonry main_color'><div class=\"av-masonry-outerimage-container\"><div class='av-masonry-image-container'  ><img decoding=\"async\" width=\"80\" height=\"60\" fetchpriority=\"high\" class=\"wp-image-11001 avia-img-lazy-loading-not-11001\"  src=\"https:\/\/chiny-tourisme.be\/wp-content\/uploads\/2022\/04\/Img002Small.jpg\" title=\"Img002Small\" alt=\"\" \/><\/div><\/div><figcaption class='av-inner-masonry-content site-background'><div class='av-inner-masonry-content-pos'><div class='av-inner-masonry-content-pos-content'><div class='avia-arrow'><\/div><h3 class='av-masonry-entry-title entry-title '  itemprop=\"headline\" >Img002Small<\/h3><\/div><\/div><\/figcaption><\/figure><\/a><!--end av-masonry entry--><a href=\"https:\/\/chiny-tourisme.be\/wp-content\/uploads\/2022\/04\/Img003Small.jpg\"  aria-label=\"afbeelding Img003Small\"  id='av-masonry-1-item-11018' data-av-masonry-item='11018' class='av-masonry-entry isotope-item post-11018 attachment type-attachment status-inherit hentry  av-masonry-item-with-image' title=\"Img003Small\" alt=\"\"    itemprop=\"thumbnailUrl\" ><div class='av-inner-masonry-sizer'><\/div><figure class='av-inner-masonry main_color'><div class=\"av-masonry-outerimage-container\"><div class='av-masonry-image-container'  ><img decoding=\"async\" width=\"80\" height=\"60\" fetchpriority=\"high\" class=\"wp-image-11018 avia-img-lazy-loading-not-11018\"  src=\"https:\/\/chiny-tourisme.be\/wp-content\/uploads\/2022\/04\/Img003Small.jpg\" title=\"Img003Small\" alt=\"\" \/><\/div><\/div><figcaption class='av-inner-masonry-content site-background'><div class='av-inner-masonry-content-pos'><div class='av-inner-masonry-content-pos-content'><div class='avia-arrow'><\/div><h3 class='av-masonry-entry-title entry-title '  itemprop=\"headline\" >Img003Small<\/h3><\/div><\/div><\/figcaption><\/figure><\/a><!--end av-masonry entry--><a href=\"https:\/\/chiny-tourisme.be\/wp-content\/uploads\/2022\/04\/Img004Small.jpg\"  aria-label=\"afbeelding Img004Small\"  id='av-masonry-1-item-11020' data-av-masonry-item='11020' class='av-masonry-entry isotope-item post-11020 attachment type-attachment status-inherit hentry  av-masonry-item-with-image' title=\"Img004Small\" alt=\"\"    itemprop=\"thumbnailUrl\" ><div class='av-inner-masonry-sizer'><\/div><figure class='av-inner-masonry main_color'><div class=\"av-masonry-outerimage-container\"><div class='av-masonry-image-container'  ><img decoding=\"async\" width=\"80\" height=\"60\" fetchpriority=\"high\" class=\"wp-image-11020 avia-img-lazy-loading-not-11020\"  src=\"https:\/\/chiny-tourisme.be\/wp-content\/uploads\/2022\/04\/Img004Small.jpg\" title=\"Img004Small\" alt=\"\" \/><\/div><\/div><figcaption class='av-inner-masonry-content site-background'><div class='av-inner-masonry-content-pos'><div class='av-inner-masonry-content-pos-content'><div class='avia-arrow'><\/div><h3 class='av-masonry-entry-title entry-title '  itemprop=\"headline\" >Img004Small<\/h3><\/div><\/div><\/figcaption><\/figure><\/a><!--end av-masonry entry--><\/div><\/div>\n","protected":false},"excerpt":{"rendered":"","protected":false},"author":2,"featured_media":0,"parent":5464,"menu_order":0,"comment_status":"open","ping_status":"closed","template":"","meta":{"footnotes":""},"class_list":["post-11004","page","type-page","status-publish","hentry"],"yoast_head":"<!-- This site is optimized with the Yoast SEO plugin v26.8 - https:\/\/yoast.com\/product\/yoast-seo-wordpress\/ -->\n<title>G\u00eete L&#039;Atelier - Bureau de Tourisme de Chiny SI<\/title>\n<meta name=\"description\" content=\"Le g\u00eete l&#039;Atelier est un g\u00eete accessible au personnes \u00e0 mobilit\u00e9 r\u00e9duite et aux cavaliers et leurs chevaux (4 maxi) Consultez nos possibilit\u00e9s d&#039;h\u00e9bergement\" \/>\n<meta name=\"robots\" content=\"index, follow, max-snippet:-1, max-image-preview:large, max-video-preview:-1\" \/>\n<link rel=\"canonical\" href=\"https:\/\/chiny-tourisme.be\/nl\/overnachting-chiny\/gite-chiny-huren\/gite-latelier\/\" \/>\n<meta property=\"og:locale\" content=\"nl_NL\" \/>\n<meta property=\"og:type\" content=\"article\" \/>\n<meta property=\"og:title\" content=\"G\u00eete L&#039;Atelier - Bureau de Tourisme de Chiny SI\" \/>\n<meta property=\"og:description\" content=\"Le g\u00eete l&#039;Atelier est un g\u00eete accessible au personnes \u00e0 mobilit\u00e9 r\u00e9duite et aux cavaliers et leurs chevaux (4 maxi) Consultez nos possibilit\u00e9s d&#039;h\u00e9bergement\" \/>\n<meta property=\"og:url\" content=\"https:\/\/chiny-tourisme.be\/nl\/overnachting-chiny\/gite-chiny-huren\/gite-latelier\/\" \/>\n<meta property=\"og:site_name\" content=\"Bureau de Tourisme de Chiny SI\" \/>\n<meta property=\"article:publisher\" content=\"https:\/\/www.facebook.com\/ChinyTourisme\/\" \/>\n<meta property=\"article:modified_time\" content=\"2022-04-09T12:15:25+00:00\" \/>\n<meta property=\"og:image\" content=\"https:\/\/chiny-tourisme.be\/wp-content\/uploads\/2015\/08\/Logo-Bureau-du-Tourisme-Chiny-grand-1500.png\" \/>\n\t<meta property=\"og:image:width\" content=\"300\" \/>\n\t<meta property=\"og:image:height\" content=\"149\" \/>\n\t<meta property=\"og:image:type\" content=\"image\/png\" \/>\n<meta name=\"twitter:card\" content=\"summary_large_image\" \/>\n<meta name=\"twitter:label1\" content=\"Geschatte leestijd\" \/>\n\t<meta name=\"twitter:data1\" content=\"2 minuten\" \/>\n<script type=\"application\/ld+json\" class=\"yoast-schema-graph\">{\"@context\":\"https:\/\/schema.org\",\"@graph\":[{\"@type\":\"WebPage\",\"@id\":\"https:\/\/chiny-tourisme.be\/nl\/overnachting-chiny\/gite-chiny-huren\/gite-latelier\/\",\"url\":\"https:\/\/chiny-tourisme.be\/nl\/overnachting-chiny\/gite-chiny-huren\/gite-latelier\/\",\"name\":\"G\u00eete L'Atelier - Bureau de Tourisme de Chiny SI\",\"isPartOf\":{\"@id\":\"https:\/\/chiny-tourisme.be\/#website\"},\"datePublished\":\"2015-08-14T10:30:05+00:00\",\"dateModified\":\"2022-04-09T12:15:25+00:00\",\"description\":\"Le g\u00eete l'Atelier est un g\u00eete accessible au personnes \u00e0 mobilit\u00e9 r\u00e9duite et aux cavaliers et leurs chevaux (4 maxi) Consultez nos possibilit\u00e9s d'h\u00e9bergement\",\"breadcrumb\":{\"@id\":\"https:\/\/chiny-tourisme.be\/nl\/overnachting-chiny\/gite-chiny-huren\/gite-latelier\/#breadcrumb\"},\"inLanguage\":\"nl-NL\",\"potentialAction\":[{\"@type\":\"ReadAction\",\"target\":[\"https:\/\/chiny-tourisme.be\/nl\/overnachting-chiny\/gite-chiny-huren\/gite-latelier\/\"]}]},{\"@type\":\"BreadcrumbList\",\"@id\":\"https:\/\/chiny-tourisme.be\/nl\/overnachting-chiny\/gite-chiny-huren\/gite-latelier\/#breadcrumb\",\"itemListElement\":[{\"@type\":\"ListItem\",\"position\":1,\"name\":\"Accueil\",\"item\":\"https:\/\/chiny-tourisme.be\/nl\/\"},{\"@type\":\"ListItem\",\"position\":2,\"name\":\"Overnachting in Chiny\",\"item\":\"https:\/\/chiny-tourisme.be\/nl\/overnachting-chiny\/\"},{\"@type\":\"ListItem\",\"position\":3,\"name\":\"Een gite in Chiny huren\",\"item\":\"https:\/\/chiny-tourisme.be\/nl\/overnachting-chiny\/gite-chiny-huren\/\"},{\"@type\":\"ListItem\",\"position\":4,\"name\":\"G\u00eete L&rsquo;Atelier\"}]},{\"@type\":\"WebSite\",\"@id\":\"https:\/\/chiny-tourisme.be\/#website\",\"url\":\"https:\/\/chiny-tourisme.be\/\",\"name\":\"Bureau de Tourisme de Chiny SI\",\"description\":\"Le centre d&#039;information \u00e0 Chiny-village\",\"potentialAction\":[{\"@type\":\"SearchAction\",\"target\":{\"@type\":\"EntryPoint\",\"urlTemplate\":\"https:\/\/chiny-tourisme.be\/?s={search_term_string}\"},\"query-input\":{\"@type\":\"PropertyValueSpecification\",\"valueRequired\":true,\"valueName\":\"search_term_string\"}}],\"inLanguage\":\"nl-NL\"}]}<\/script>\n<!-- \/ Yoast SEO plugin. -->","yoast_head_json":{"title":"G\u00eete L'Atelier - Bureau de Tourisme de Chiny SI","description":"Le g\u00eete l'Atelier est un g\u00eete accessible au personnes \u00e0 mobilit\u00e9 r\u00e9duite et aux cavaliers et leurs chevaux (4 maxi) Consultez nos possibilit\u00e9s d'h\u00e9bergement","robots":{"index":"index","follow":"follow","max-snippet":"max-snippet:-1","max-image-preview":"max-image-preview:large","max-video-preview":"max-video-preview:-1"},"canonical":"https:\/\/chiny-tourisme.be\/nl\/overnachting-chiny\/gite-chiny-huren\/gite-latelier\/","og_locale":"nl_NL","og_type":"article","og_title":"G\u00eete L'Atelier - Bureau de Tourisme de Chiny SI","og_description":"Le g\u00eete l'Atelier est un g\u00eete accessible au personnes \u00e0 mobilit\u00e9 r\u00e9duite et aux cavaliers et leurs chevaux (4 maxi) Consultez nos possibilit\u00e9s d'h\u00e9bergement","og_url":"https:\/\/chiny-tourisme.be\/nl\/overnachting-chiny\/gite-chiny-huren\/gite-latelier\/","og_site_name":"Bureau de Tourisme de Chiny SI","article_publisher":"https:\/\/www.facebook.com\/ChinyTourisme\/","article_modified_time":"2022-04-09T12:15:25+00:00","og_image":[{"width":300,"height":149,"url":"https:\/\/chiny-tourisme.be\/wp-content\/uploads\/2015\/08\/Logo-Bureau-du-Tourisme-Chiny-grand-1500.png","type":"image\/png"}],"twitter_card":"summary_large_image","twitter_misc":{"Geschatte leestijd":"2 minuten"},"schema":{"@context":"https:\/\/schema.org","@graph":[{"@type":"WebPage","@id":"https:\/\/chiny-tourisme.be\/nl\/overnachting-chiny\/gite-chiny-huren\/gite-latelier\/","url":"https:\/\/chiny-tourisme.be\/nl\/overnachting-chiny\/gite-chiny-huren\/gite-latelier\/","name":"G\u00eete L'Atelier - Bureau de Tourisme de Chiny SI","isPartOf":{"@id":"https:\/\/chiny-tourisme.be\/#website"},"datePublished":"2015-08-14T10:30:05+00:00","dateModified":"2022-04-09T12:15:25+00:00","description":"Le g\u00eete l'Atelier est un g\u00eete accessible au personnes \u00e0 mobilit\u00e9 r\u00e9duite et aux cavaliers et leurs chevaux (4 maxi) Consultez nos possibilit\u00e9s d'h\u00e9bergement","breadcrumb":{"@id":"https:\/\/chiny-tourisme.be\/nl\/overnachting-chiny\/gite-chiny-huren\/gite-latelier\/#breadcrumb"},"inLanguage":"nl-NL","potentialAction":[{"@type":"ReadAction","target":["https:\/\/chiny-tourisme.be\/nl\/overnachting-chiny\/gite-chiny-huren\/gite-latelier\/"]}]},{"@type":"BreadcrumbList","@id":"https:\/\/chiny-tourisme.be\/nl\/overnachting-chiny\/gite-chiny-huren\/gite-latelier\/#breadcrumb","itemListElement":[{"@type":"ListItem","position":1,"name":"Accueil","item":"https:\/\/chiny-tourisme.be\/nl\/"},{"@type":"ListItem","position":2,"name":"Overnachting in Chiny","item":"https:\/\/chiny-tourisme.be\/nl\/overnachting-chiny\/"},{"@type":"ListItem","position":3,"name":"Een gite in Chiny huren","item":"https:\/\/chiny-tourisme.be\/nl\/overnachting-chiny\/gite-chiny-huren\/"},{"@type":"ListItem","position":4,"name":"G\u00eete L&rsquo;Atelier"}]},{"@type":"WebSite","@id":"https:\/\/chiny-tourisme.be\/#website","url":"https:\/\/chiny-tourisme.be\/","name":"Bureau de Tourisme de Chiny SI","description":"Le centre d&#039;information \u00e0 Chiny-village","potentialAction":[{"@type":"SearchAction","target":{"@type":"EntryPoint","urlTemplate":"https:\/\/chiny-tourisme.be\/?s={search_term_string}"},"query-input":{"@type":"PropertyValueSpecification","valueRequired":true,"valueName":"search_term_string"}}],"inLanguage":"nl-NL"}]}},"_links":{"self":[{"href":"https:\/\/chiny-tourisme.be\/nl\/wp-json\/wp\/v2\/pages\/11004","targetHints":{"allow":["GET"]}}],"collection":[{"href":"https:\/\/chiny-tourisme.be\/nl\/wp-json\/wp\/v2\/pages"}],"about":[{"href":"https:\/\/chiny-tourisme.be\/nl\/wp-json\/wp\/v2\/types\/page"}],"author":[{"embeddable":true,"href":"https:\/\/chiny-tourisme.be\/nl\/wp-json\/wp\/v2\/users\/2"}],"replies":[{"embeddable":true,"href":"https:\/\/chiny-tourisme.be\/nl\/wp-json\/wp\/v2\/comments?post=11004"}],"version-history":[{"count":6,"href":"https:\/\/chiny-tourisme.be\/nl\/wp-json\/wp\/v2\/pages\/11004\/revisions"}],"predecessor-version":[{"id":11005,"href":"https:\/\/chiny-tourisme.be\/nl\/wp-json\/wp\/v2\/pages\/11004\/revisions\/11005"}],"up":[{"embeddable":true,"href":"https:\/\/chiny-tourisme.be\/nl\/wp-json\/wp\/v2\/pages\/5464"}],"wp:attachment":[{"href":"https:\/\/chiny-tourisme.be\/nl\/wp-json\/wp\/v2\/media?parent=11004"}],"curies":[{"name":"wp","href":"https:\/\/api.w.org\/{rel}","templated":true}]}}