{"id":11012,"date":"2015-08-14T12:44:31","date_gmt":"2015-08-14T10:44:31","guid":{"rendered":"https:\/\/chiny-tourisme.be\/overnachting-chiny\/gite-chiny-huren\/gite-lornitho\/"},"modified":"2022-04-09T14:19:14","modified_gmt":"2022-04-09T12:19:14","slug":"gite-lornitho","status":"publish","type":"page","link":"https:\/\/chiny-tourisme.be\/nl\/overnachting-chiny\/gite-chiny-huren\/gite-lornitho\/","title":{"rendered":"G\u00eete l&#8217;Ornitho"},"content":{"rendered":"\n<style type=\"text\/css\" data-created_by=\"avia_inline_auto\" id=\"style-css-av-3rrcy2-5a766d14a713c6e3566cea2a205bcdc4\">\n.flex_column.av-3rrcy2-5a766d14a713c6e3566cea2a205bcdc4{\nborder-radius:0px 0px 0px 0px;\npadding:0px 0px 0px 0px;\n}\n<\/style>\n<div  class='flex_column av-3rrcy2-5a766d14a713c6e3566cea2a205bcdc4 av_one_full  avia-builder-el-0  el_before_av_masonry_gallery  avia-builder-el-no-sibling  first flex_column_div av-zero-column-padding  '     ><section  class='av_textblock_section av-1vr0ii-a6573f6745077811991ae0e9ccbd19af '   itemscope=\"itemscope\" itemtype=\"https:\/\/schema.org\/CreativeWork\" ><div class='avia_textblock'  itemprop=\"text\" ><h1><strong>G\u00eete l&#8217;Ornitho<\/strong><\/h1>\n<p>\u00ab L&#8217;Ornitho \u00bb kan tot 4 personen ontvangen en is gelegen op het eerste verdiep van \u00ab L&#8217;Atelier \u00bb.<\/p>\n<p>Waarom \u00ab L&#8217;Ornitho \u00bb ?<br \/>\nOmdat het vakanthuis het centrum is van de wereld van onze gevleugelde vriendjes.<br \/>\nOmdat ik gek ben van vogeltjes, lid van AVES-NATAGORA, ik stel voor om U mijn hartstocht voor de vogels mee te delen.<\/p>\n<p>Alle comfort op een oppervlakte van 50 m\u00b2.<\/p>\n<p><b>Algemene beschrijving:<\/b><br \/>\n&#8211; 1 woon kamer (TV, DVD, Internet, WiFi-), 1 sofa, 2 zetels;<br \/>\n&#8211; 1 keuken ((koelkast, micro-wave);<br \/>\n&#8211; 2 kamers alle comfort 2 X 1 bed twee personen;<br \/>\n&#8211; 1 badkamer;<br \/>\n&#8211; 1 toilet;<br \/>\n&#8211; 1 berghok.<\/p>\n<p><strong>Contact:<\/strong> Jean Thomas et Viviane Koob<\/p>\n<p>Rue de la Scierie, 1 B-6810 Chiny<\/p>\n<p>Mobile: F \u2013 NL \u2013 UK : 0032 472 780 687<\/p>\n<p>E-mail : <a class=\"Normal\" href=\"&#x6d;&#97;i&#x6c;&#x74;&#111;:&#x69;&#x6e;&#102;o&#x40;&#99;h&#x69;&#x6e;&#121;g&#x69;&#x74;&#101;s&#x2e;&#98;&#101;\">&#105;&#x6e;&#102;&#x6f;&#64;&#x63;h&#x69;n&#121;&#x67;&#105;&#x74;&#101;&#x73;&#46;&#x62;e<\/a><\/p>\n<p>Website : <a href=\"http:\/\/wwwchinygites.be\">http:\/\/wwwchinygites.be<\/a><\/p>\n<\/div><\/section><\/div>\n<div id='av-masonry-1' class='av-masonry av-l1rtq7ze-aa82ea599c7798de5877ce4e31cf6cd2 noHover av-flex-size av-large-gap av-hover-overlay-active av-masonry-animation-active av-masonry-col-flexible av-caption-always av-caption-style- av-masonry-gallery ' data-post_id=\"11012\"><div class=\"av-masonry-container isotope av-js-disabled\"><div class='av-masonry-entry isotope-item av-masonry-item-no-image '><\/div><a href=\"https:\/\/chiny-tourisme.be\/wp-content\/uploads\/2022\/04\/Img001Small-1.jpg\"  aria-label=\"afbeelding Img001Small\"  id='av-masonry-1-item-11023' data-av-masonry-item='11023' class='av-masonry-entry isotope-item post-11023 attachment type-attachment status-inherit hentry  av-masonry-item-with-image' title=\"Img001Small\" alt=\"\"    itemprop=\"thumbnailUrl\" ><div class='av-inner-masonry-sizer'><\/div><figure class='av-inner-masonry main_color'><div class=\"av-masonry-outerimage-container\"><div class='av-masonry-image-container'  ><img decoding=\"async\" width=\"80\" height=\"60\" fetchpriority=\"high\" class=\"wp-image-11023 avia-img-lazy-loading-not-11023\"  src=\"https:\/\/chiny-tourisme.be\/wp-content\/uploads\/2022\/04\/Img001Small-1.jpg\" title=\"Img001Small\" alt=\"\" \/><\/div><\/div><figcaption class='av-inner-masonry-content site-background'><div class='av-inner-masonry-content-pos'><div class='av-inner-masonry-content-pos-content'><div class='avia-arrow'><\/div><h3 class='av-masonry-entry-title entry-title '  itemprop=\"headline\" >Img001Small<\/h3><\/div><\/div><\/figcaption><\/figure><\/a><!--end av-masonry entry--><a href=\"https:\/\/chiny-tourisme.be\/wp-content\/uploads\/2022\/04\/Img002Small-1.jpg\"  aria-label=\"afbeelding Img002Small\"  id='av-masonry-1-item-11025' data-av-masonry-item='11025' class='av-masonry-entry isotope-item post-11025 attachment type-attachment status-inherit hentry  av-masonry-item-with-image' title=\"Img002Small\" alt=\"\"    itemprop=\"thumbnailUrl\" ><div class='av-inner-masonry-sizer'><\/div><figure class='av-inner-masonry main_color'><div class=\"av-masonry-outerimage-container\"><div class='av-masonry-image-container'  ><img decoding=\"async\" width=\"80\" height=\"60\" fetchpriority=\"high\" class=\"wp-image-11025 avia-img-lazy-loading-not-11025\"  src=\"https:\/\/chiny-tourisme.be\/wp-content\/uploads\/2022\/04\/Img002Small-1.jpg\" title=\"Img002Small\" alt=\"\" \/><\/div><\/div><figcaption class='av-inner-masonry-content site-background'><div class='av-inner-masonry-content-pos'><div class='av-inner-masonry-content-pos-content'><div class='avia-arrow'><\/div><h3 class='av-masonry-entry-title entry-title '  itemprop=\"headline\" >Img002Small<\/h3><\/div><\/div><\/figcaption><\/figure><\/a><!--end av-masonry entry--><a href=\"https:\/\/chiny-tourisme.be\/wp-content\/uploads\/2022\/04\/Img003Small-1.jpg\"  aria-label=\"afbeelding Img003Small\"  id='av-masonry-1-item-11027' data-av-masonry-item='11027' class='av-masonry-entry isotope-item post-11027 attachment type-attachment status-inherit hentry  av-masonry-item-with-image' title=\"Img003Small\" alt=\"\"    itemprop=\"thumbnailUrl\" ><div class='av-inner-masonry-sizer'><\/div><figure class='av-inner-masonry main_color'><div class=\"av-masonry-outerimage-container\"><div class='av-masonry-image-container'  ><img decoding=\"async\" width=\"80\" height=\"60\" fetchpriority=\"high\" class=\"wp-image-11027 avia-img-lazy-loading-not-11027\"  src=\"https:\/\/chiny-tourisme.be\/wp-content\/uploads\/2022\/04\/Img003Small-1.jpg\" title=\"Img003Small\" alt=\"\" \/><\/div><\/div><figcaption class='av-inner-masonry-content site-background'><div class='av-inner-masonry-content-pos'><div class='av-inner-masonry-content-pos-content'><div class='avia-arrow'><\/div><h3 class='av-masonry-entry-title entry-title '  itemprop=\"headline\" >Img003Small<\/h3><\/div><\/div><\/figcaption><\/figure><\/a><!--end av-masonry entry--><a href=\"https:\/\/chiny-tourisme.be\/wp-content\/uploads\/2022\/04\/Img004Small-1.jpg\"  aria-label=\"afbeelding Img004Small\"  id='av-masonry-1-item-11029' data-av-masonry-item='11029' class='av-masonry-entry isotope-item post-11029 attachment type-attachment status-inherit hentry  av-masonry-item-with-image' title=\"Img004Small\" alt=\"\"    itemprop=\"thumbnailUrl\" ><div class='av-inner-masonry-sizer'><\/div><figure class='av-inner-masonry main_color'><div class=\"av-masonry-outerimage-container\"><div class='av-masonry-image-container'  ><img decoding=\"async\" width=\"80\" height=\"60\" fetchpriority=\"high\" class=\"wp-image-11029 avia-img-lazy-loading-not-11029\"  src=\"https:\/\/chiny-tourisme.be\/wp-content\/uploads\/2022\/04\/Img004Small-1.jpg\" title=\"Img004Small\" alt=\"\" \/><\/div><\/div><figcaption class='av-inner-masonry-content site-background'><div class='av-inner-masonry-content-pos'><div class='av-inner-masonry-content-pos-content'><div class='avia-arrow'><\/div><h3 class='av-masonry-entry-title entry-title '  itemprop=\"headline\" >Img004Small<\/h3><\/div><\/div><\/figcaption><\/figure><\/a><!--end av-masonry entry--><\/div><\/div>\n","protected":false},"excerpt":{"rendered":"","protected":false},"author":2,"featured_media":0,"parent":5464,"menu_order":0,"comment_status":"open","ping_status":"closed","template":"","meta":{"footnotes":""},"class_list":["post-11012","page","type-page","status-publish","hentry"],"yoast_head":"<!-- This site is optimized with the Yoast SEO plugin v26.8 - https:\/\/yoast.com\/product\/yoast-seo-wordpress\/ -->\n<title>G\u00eete l&#039;Ornitho - Bureau de Tourisme de Chiny SI<\/title>\n<meta name=\"description\" content=\"G\u00eete l&#039;Ornitho est un gite convivial pour 2 \u00e0 4 personnes - Vous aimez les oiseaux ? les chevaux ? consultez nos, possibilit\u00e9s d&#039;h\u00e9bergement.\" \/>\n<meta name=\"robots\" content=\"index, follow, max-snippet:-1, max-image-preview:large, max-video-preview:-1\" \/>\n<link rel=\"canonical\" href=\"https:\/\/chiny-tourisme.be\/nl\/overnachting-chiny\/gite-chiny-huren\/gite-lornitho\/\" \/>\n<meta property=\"og:locale\" content=\"nl_NL\" \/>\n<meta property=\"og:type\" content=\"article\" \/>\n<meta property=\"og:title\" content=\"G\u00eete l&#039;Ornitho - Bureau de Tourisme de Chiny SI\" \/>\n<meta property=\"og:description\" content=\"G\u00eete l&#039;Ornitho est un gite convivial pour 2 \u00e0 4 personnes - Vous aimez les oiseaux ? les chevaux ? consultez nos, possibilit\u00e9s d&#039;h\u00e9bergement.\" \/>\n<meta property=\"og:url\" content=\"https:\/\/chiny-tourisme.be\/nl\/overnachting-chiny\/gite-chiny-huren\/gite-lornitho\/\" \/>\n<meta property=\"og:site_name\" content=\"Bureau de Tourisme de Chiny SI\" \/>\n<meta property=\"article:publisher\" content=\"https:\/\/www.facebook.com\/ChinyTourisme\/\" \/>\n<meta property=\"article:modified_time\" content=\"2022-04-09T12:19:14+00:00\" \/>\n<meta property=\"og:image\" content=\"https:\/\/chiny-tourisme.be\/wp-content\/uploads\/2015\/08\/Logo-Bureau-du-Tourisme-Chiny-grand-1500.png\" \/>\n\t<meta property=\"og:image:width\" content=\"300\" \/>\n\t<meta property=\"og:image:height\" content=\"149\" \/>\n\t<meta property=\"og:image:type\" content=\"image\/png\" \/>\n<meta name=\"twitter:card\" content=\"summary_large_image\" \/>\n<meta name=\"twitter:label1\" content=\"Geschatte leestijd\" \/>\n\t<meta name=\"twitter:data1\" content=\"1 minuut\" \/>\n<script type=\"application\/ld+json\" class=\"yoast-schema-graph\">{\"@context\":\"https:\/\/schema.org\",\"@graph\":[{\"@type\":\"WebPage\",\"@id\":\"https:\/\/chiny-tourisme.be\/nl\/overnachting-chiny\/gite-chiny-huren\/gite-lornitho\/\",\"url\":\"https:\/\/chiny-tourisme.be\/nl\/overnachting-chiny\/gite-chiny-huren\/gite-lornitho\/\",\"name\":\"G\u00eete l'Ornitho - Bureau de Tourisme de Chiny SI\",\"isPartOf\":{\"@id\":\"https:\/\/chiny-tourisme.be\/#website\"},\"datePublished\":\"2015-08-14T10:44:31+00:00\",\"dateModified\":\"2022-04-09T12:19:14+00:00\",\"description\":\"G\u00eete l'Ornitho est un gite convivial pour 2 \u00e0 4 personnes - Vous aimez les oiseaux ? les chevaux ? consultez nos, possibilit\u00e9s d'h\u00e9bergement.\",\"breadcrumb\":{\"@id\":\"https:\/\/chiny-tourisme.be\/nl\/overnachting-chiny\/gite-chiny-huren\/gite-lornitho\/#breadcrumb\"},\"inLanguage\":\"nl-NL\",\"potentialAction\":[{\"@type\":\"ReadAction\",\"target\":[\"https:\/\/chiny-tourisme.be\/nl\/overnachting-chiny\/gite-chiny-huren\/gite-lornitho\/\"]}]},{\"@type\":\"BreadcrumbList\",\"@id\":\"https:\/\/chiny-tourisme.be\/nl\/overnachting-chiny\/gite-chiny-huren\/gite-lornitho\/#breadcrumb\",\"itemListElement\":[{\"@type\":\"ListItem\",\"position\":1,\"name\":\"Accueil\",\"item\":\"https:\/\/chiny-tourisme.be\/nl\/\"},{\"@type\":\"ListItem\",\"position\":2,\"name\":\"Overnachting in Chiny\",\"item\":\"https:\/\/chiny-tourisme.be\/nl\/overnachting-chiny\/\"},{\"@type\":\"ListItem\",\"position\":3,\"name\":\"Een gite in Chiny huren\",\"item\":\"https:\/\/chiny-tourisme.be\/nl\/overnachting-chiny\/gite-chiny-huren\/\"},{\"@type\":\"ListItem\",\"position\":4,\"name\":\"G\u00eete l&rsquo;Ornitho\"}]},{\"@type\":\"WebSite\",\"@id\":\"https:\/\/chiny-tourisme.be\/#website\",\"url\":\"https:\/\/chiny-tourisme.be\/\",\"name\":\"Bureau de Tourisme de Chiny SI\",\"description\":\"Le centre d&#039;information \u00e0 Chiny-village\",\"potentialAction\":[{\"@type\":\"SearchAction\",\"target\":{\"@type\":\"EntryPoint\",\"urlTemplate\":\"https:\/\/chiny-tourisme.be\/?s={search_term_string}\"},\"query-input\":{\"@type\":\"PropertyValueSpecification\",\"valueRequired\":true,\"valueName\":\"search_term_string\"}}],\"inLanguage\":\"nl-NL\"}]}<\/script>\n<!-- \/ Yoast SEO plugin. -->","yoast_head_json":{"title":"G\u00eete l'Ornitho - Bureau de Tourisme de Chiny SI","description":"G\u00eete l'Ornitho est un gite convivial pour 2 \u00e0 4 personnes - Vous aimez les oiseaux ? les chevaux ? consultez nos, possibilit\u00e9s d'h\u00e9bergement.","robots":{"index":"index","follow":"follow","max-snippet":"max-snippet:-1","max-image-preview":"max-image-preview:large","max-video-preview":"max-video-preview:-1"},"canonical":"https:\/\/chiny-tourisme.be\/nl\/overnachting-chiny\/gite-chiny-huren\/gite-lornitho\/","og_locale":"nl_NL","og_type":"article","og_title":"G\u00eete l'Ornitho - Bureau de Tourisme de Chiny SI","og_description":"G\u00eete l'Ornitho est un gite convivial pour 2 \u00e0 4 personnes - Vous aimez les oiseaux ? les chevaux ? consultez nos, possibilit\u00e9s d'h\u00e9bergement.","og_url":"https:\/\/chiny-tourisme.be\/nl\/overnachting-chiny\/gite-chiny-huren\/gite-lornitho\/","og_site_name":"Bureau de Tourisme de Chiny SI","article_publisher":"https:\/\/www.facebook.com\/ChinyTourisme\/","article_modified_time":"2022-04-09T12:19:14+00:00","og_image":[{"width":300,"height":149,"url":"https:\/\/chiny-tourisme.be\/wp-content\/uploads\/2015\/08\/Logo-Bureau-du-Tourisme-Chiny-grand-1500.png","type":"image\/png"}],"twitter_card":"summary_large_image","twitter_misc":{"Geschatte leestijd":"1 minuut"},"schema":{"@context":"https:\/\/schema.org","@graph":[{"@type":"WebPage","@id":"https:\/\/chiny-tourisme.be\/nl\/overnachting-chiny\/gite-chiny-huren\/gite-lornitho\/","url":"https:\/\/chiny-tourisme.be\/nl\/overnachting-chiny\/gite-chiny-huren\/gite-lornitho\/","name":"G\u00eete l'Ornitho - Bureau de Tourisme de Chiny SI","isPartOf":{"@id":"https:\/\/chiny-tourisme.be\/#website"},"datePublished":"2015-08-14T10:44:31+00:00","dateModified":"2022-04-09T12:19:14+00:00","description":"G\u00eete l'Ornitho est un gite convivial pour 2 \u00e0 4 personnes - Vous aimez les oiseaux ? les chevaux ? consultez nos, possibilit\u00e9s d'h\u00e9bergement.","breadcrumb":{"@id":"https:\/\/chiny-tourisme.be\/nl\/overnachting-chiny\/gite-chiny-huren\/gite-lornitho\/#breadcrumb"},"inLanguage":"nl-NL","potentialAction":[{"@type":"ReadAction","target":["https:\/\/chiny-tourisme.be\/nl\/overnachting-chiny\/gite-chiny-huren\/gite-lornitho\/"]}]},{"@type":"BreadcrumbList","@id":"https:\/\/chiny-tourisme.be\/nl\/overnachting-chiny\/gite-chiny-huren\/gite-lornitho\/#breadcrumb","itemListElement":[{"@type":"ListItem","position":1,"name":"Accueil","item":"https:\/\/chiny-tourisme.be\/nl\/"},{"@type":"ListItem","position":2,"name":"Overnachting in Chiny","item":"https:\/\/chiny-tourisme.be\/nl\/overnachting-chiny\/"},{"@type":"ListItem","position":3,"name":"Een gite in Chiny huren","item":"https:\/\/chiny-tourisme.be\/nl\/overnachting-chiny\/gite-chiny-huren\/"},{"@type":"ListItem","position":4,"name":"G\u00eete l&rsquo;Ornitho"}]},{"@type":"WebSite","@id":"https:\/\/chiny-tourisme.be\/#website","url":"https:\/\/chiny-tourisme.be\/","name":"Bureau de Tourisme de Chiny SI","description":"Le centre d&#039;information \u00e0 Chiny-village","potentialAction":[{"@type":"SearchAction","target":{"@type":"EntryPoint","urlTemplate":"https:\/\/chiny-tourisme.be\/?s={search_term_string}"},"query-input":{"@type":"PropertyValueSpecification","valueRequired":true,"valueName":"search_term_string"}}],"inLanguage":"nl-NL"}]}},"_links":{"self":[{"href":"https:\/\/chiny-tourisme.be\/nl\/wp-json\/wp\/v2\/pages\/11012","targetHints":{"allow":["GET"]}}],"collection":[{"href":"https:\/\/chiny-tourisme.be\/nl\/wp-json\/wp\/v2\/pages"}],"about":[{"href":"https:\/\/chiny-tourisme.be\/nl\/wp-json\/wp\/v2\/types\/page"}],"author":[{"embeddable":true,"href":"https:\/\/chiny-tourisme.be\/nl\/wp-json\/wp\/v2\/users\/2"}],"replies":[{"embeddable":true,"href":"https:\/\/chiny-tourisme.be\/nl\/wp-json\/wp\/v2\/comments?post=11012"}],"version-history":[{"count":4,"href":"https:\/\/chiny-tourisme.be\/nl\/wp-json\/wp\/v2\/pages\/11012\/revisions"}],"predecessor-version":[{"id":11015,"href":"https:\/\/chiny-tourisme.be\/nl\/wp-json\/wp\/v2\/pages\/11012\/revisions\/11015"}],"up":[{"embeddable":true,"href":"https:\/\/chiny-tourisme.be\/nl\/wp-json\/wp\/v2\/pages\/5464"}],"wp:attachment":[{"href":"https:\/\/chiny-tourisme.be\/nl\/wp-json\/wp\/v2\/media?parent=11012"}],"curies":[{"name":"wp","href":"https:\/\/api.w.org\/{rel}","templated":true}]}}