{"id":11045,"date":"2022-04-09T14:27:57","date_gmt":"2022-04-09T12:27:57","guid":{"rendered":"https:\/\/chiny-tourisme.be\/gite-l-alouette\/"},"modified":"2022-04-09T14:41:43","modified_gmt":"2022-04-09T12:41:43","slug":"gite-l-alouette","status":"publish","type":"page","link":"https:\/\/chiny-tourisme.be\/nl\/gite-l-alouette\/","title":{"rendered":"G\u00eete L &#8216;Alouette"},"content":{"rendered":"<h1><img loading=\"lazy\" decoding=\"async\" class=\"alignnone size-medium wp-image-11036\" src=\"https:\/\/chiny-tourisme.be\/wp-content\/uploads\/2022\/04\/1-300x225.jpg\" alt=\"\" width=\"300\" height=\"225\" srcset=\"https:\/\/chiny-tourisme.be\/wp-content\/uploads\/2022\/04\/1-300x225.jpg 300w, https:\/\/chiny-tourisme.be\/wp-content\/uploads\/2022\/04\/1-768x576.jpg 768w, https:\/\/chiny-tourisme.be\/wp-content\/uploads\/2022\/04\/1-705x529.jpg 705w, https:\/\/chiny-tourisme.be\/wp-content\/uploads\/2022\/04\/1-450x338.jpg 450w, https:\/\/chiny-tourisme.be\/wp-content\/uploads\/2022\/04\/1.jpg 800w\" sizes=\"auto, (max-width: 300px) 100vw, 300px\" \/> <img loading=\"lazy\" decoding=\"async\" class=\"alignnone size-medium wp-image-11038\" src=\"https:\/\/chiny-tourisme.be\/wp-content\/uploads\/2022\/04\/2-300x225.jpg\" alt=\"\" width=\"300\" height=\"225\" srcset=\"https:\/\/chiny-tourisme.be\/wp-content\/uploads\/2022\/04\/2-300x225.jpg 300w, https:\/\/chiny-tourisme.be\/wp-content\/uploads\/2022\/04\/2-768x576.jpg 768w, https:\/\/chiny-tourisme.be\/wp-content\/uploads\/2022\/04\/2-705x529.jpg 705w, https:\/\/chiny-tourisme.be\/wp-content\/uploads\/2022\/04\/2-450x338.jpg 450w, https:\/\/chiny-tourisme.be\/wp-content\/uploads\/2022\/04\/2.jpg 800w\" sizes=\"auto, (max-width: 300px) 100vw, 300px\" \/> <img loading=\"lazy\" decoding=\"async\" class=\"alignnone size-medium wp-image-11040\" src=\"https:\/\/chiny-tourisme.be\/wp-content\/uploads\/2022\/04\/4-300x225.jpg\" alt=\"\" width=\"300\" height=\"225\" srcset=\"https:\/\/chiny-tourisme.be\/wp-content\/uploads\/2022\/04\/4-300x225.jpg 300w, https:\/\/chiny-tourisme.be\/wp-content\/uploads\/2022\/04\/4-768x576.jpg 768w, https:\/\/chiny-tourisme.be\/wp-content\/uploads\/2022\/04\/4-705x529.jpg 705w, https:\/\/chiny-tourisme.be\/wp-content\/uploads\/2022\/04\/4-450x338.jpg 450w, https:\/\/chiny-tourisme.be\/wp-content\/uploads\/2022\/04\/4.jpg 800w\" sizes=\"auto, (max-width: 300px) 100vw, 300px\" \/> <img loading=\"lazy\" decoding=\"async\" class=\"alignnone size-medium wp-image-11042\" src=\"https:\/\/chiny-tourisme.be\/wp-content\/uploads\/2022\/04\/5-300x225.jpg\" alt=\"\" width=\"300\" height=\"225\" srcset=\"https:\/\/chiny-tourisme.be\/wp-content\/uploads\/2022\/04\/5-300x225.jpg 300w, https:\/\/chiny-tourisme.be\/wp-content\/uploads\/2022\/04\/5-768x576.jpg 768w, https:\/\/chiny-tourisme.be\/wp-content\/uploads\/2022\/04\/5-705x529.jpg 705w, https:\/\/chiny-tourisme.be\/wp-content\/uploads\/2022\/04\/5-450x338.jpg 450w, https:\/\/chiny-tourisme.be\/wp-content\/uploads\/2022\/04\/5.jpg 800w\" sizes=\"auto, (max-width: 300px) 100vw, 300px\" \/><\/h1>\n<h1>Le G\u00eete l&#8217;Alouette<\/h1>\n<div id=\"tw-target-text-container\" class=\"tw-ta-container F0azHf tw-nfl\" tabindex=\"0\">\n<p id=\"tw-target-text\" class=\"tw-data-text tw-text-large tw-ta\" dir=\"ltr\" data-placeholder=\"Traduction\"><span class=\"Y2IQFc\" lang=\"nl\">De woning heeft twee slaapkamers; \u00e9\u00e9n met een tweepersoonsbed, de andere met twee stapelbedden.<\/span><\/p>\n<p class=\"tw-data-text tw-text-large tw-ta\" dir=\"ltr\" data-placeholder=\"Traduction\"><span class=\"Y2IQFc\" lang=\"nl\">Een ingerichte badkamer en ingerichte keuken met koelkast, vriezer, magnetron, &#8230;<\/span><\/p>\n<p class=\"tw-data-text tw-text-large tw-ta\" dir=\"ltr\" data-placeholder=\"Traduction\"><span class=\"Y2IQFc\" lang=\"nl\">Een woonkamer met cassette fornuis, TV en Wifi Een garage in de kelder voor fietsen, kayaks&#8230; en een parkeerplaats.<\/span><\/p>\n<p class=\"tw-data-text tw-text-large tw-ta\" dir=\"ltr\" data-placeholder=\"Traduction\"><span class=\"Y2IQFc\" lang=\"nl\">Achter vindt u tuinmeubelen en barbecue. Het terrein is volledig omheind. Aan de achterkant van het huis geeft een boomgaard u de mogelijkheid om een \u200b\u200bbarbecue of een andere buitenactiviteit te organiseren.<\/span><\/p>\n<p class=\"tw-data-text tw-text-large tw-ta\" dir=\"ltr\" data-placeholder=\"Traduction\"><span class=\"Y2IQFc\" lang=\"nl\"> Aan het einde van deze boomgaard kun je veel vogels observeren die hun toevlucht zoeken in het kreupelhout.<\/span><\/p>\n<p class=\"tw-data-text tw-text-large tw-ta\" dir=\"ltr\" data-placeholder=\"Traduction\"><span class=\"Y2IQFc\" lang=\"nl\">Wij accepteren een huisdier op aanvraag en tegen een toeslag van 10\u20ac <\/span><\/p>\n<p class=\"tw-data-text tw-text-large tw-ta\" dir=\"ltr\" data-placeholder=\"Traduction\"><span class=\"Y2IQFc\" lang=\"nl\">Het huisje is rookvrij.<\/span><\/p>\n<\/div>\n<p>T\u00e9l\u00e9phone :Mme Hubert et M. Delespesse : +32 479 88 66 08 ou +32 476 09 39 19<\/p>\n<p>Mail : <a href=\"&#x6d;&#x61;&#105;l&#x74;&#x6f;&#58;mo&#x6e;&#x69;&#113;u&#x65;&#x2e;&#104;&#117;b&#x65;&#x72;&#116;&#64;&#x68;&#x6f;&#116;&#109;a&#x69;&#x6c;&#46;b&#x65;\">&#109;&#x6f;&#x6e;i&#113;&#x75;&#x65;&#46;&#104;&#x75;b&#101;&#x72;&#x74;&#64;&#104;&#x6f;t&#109;&#x61;&#x69;l&#46;&#x62;&#x65;<\/a><\/p>\n","protected":false},"excerpt":{"rendered":"<p>Le G\u00eete l&#8217;Alouette De woning heeft twee slaapkamers; \u00e9\u00e9n met een tweepersoonsbed, de andere met twee stapelbedden. Een ingerichte badkamer en ingerichte keuken met koelkast, vriezer, magnetron, &#8230; Een woonkamer met cassette fornuis, TV en Wifi Een garage in de kelder voor fietsen, kayaks&#8230; en een parkeerplaats. Achter vindt u tuinmeubelen en barbecue. Het terrein [&hellip;]<\/p>\n","protected":false},"author":2,"featured_media":0,"parent":0,"menu_order":0,"comment_status":"closed","ping_status":"closed","template":"","meta":{"footnotes":""},"class_list":["post-11045","page","type-page","status-publish","hentry"],"yoast_head":"<!-- This site is optimized with the Yoast SEO plugin v26.8 - https:\/\/yoast.com\/product\/yoast-seo-wordpress\/ -->\n<title>G\u00eete L &#039;Alouette - Bureau de Tourisme de Chiny SI<\/title>\n<meta name=\"robots\" content=\"index, follow, max-snippet:-1, max-image-preview:large, max-video-preview:-1\" \/>\n<link rel=\"canonical\" href=\"https:\/\/chiny-tourisme.be\/nl\/gite-l-alouette\/\" \/>\n<meta property=\"og:locale\" content=\"nl_NL\" \/>\n<meta property=\"og:type\" content=\"article\" \/>\n<meta property=\"og:title\" content=\"G\u00eete L &#039;Alouette - Bureau de Tourisme de Chiny SI\" \/>\n<meta property=\"og:description\" content=\"Le G\u00eete l&#8217;Alouette De woning heeft twee slaapkamers; \u00e9\u00e9n met een tweepersoonsbed, de andere met twee stapelbedden. Een ingerichte badkamer en ingerichte keuken met koelkast, vriezer, magnetron, &#8230; Een woonkamer met cassette fornuis, TV en Wifi Een garage in de kelder voor fietsen, kayaks&#8230; en een parkeerplaats. Achter vindt u tuinmeubelen en barbecue. Het terrein [&hellip;]\" \/>\n<meta property=\"og:url\" content=\"https:\/\/chiny-tourisme.be\/nl\/gite-l-alouette\/\" \/>\n<meta property=\"og:site_name\" content=\"Bureau de Tourisme de Chiny SI\" \/>\n<meta property=\"article:publisher\" content=\"https:\/\/www.facebook.com\/ChinyTourisme\/\" \/>\n<meta property=\"article:modified_time\" content=\"2022-04-09T12:41:43+00:00\" \/>\n<meta property=\"og:image\" content=\"https:\/\/chiny-tourisme.be\/wp-content\/uploads\/2022\/04\/1-300x225.jpg\" \/>\n<meta name=\"twitter:card\" content=\"summary_large_image\" \/>\n<meta name=\"twitter:label1\" content=\"Geschatte leestijd\" \/>\n\t<meta name=\"twitter:data1\" content=\"1 minuut\" \/>\n<script type=\"application\/ld+json\" class=\"yoast-schema-graph\">{\"@context\":\"https:\/\/schema.org\",\"@graph\":[{\"@type\":\"WebPage\",\"@id\":\"https:\/\/chiny-tourisme.be\/nl\/gite-l-alouette\/\",\"url\":\"https:\/\/chiny-tourisme.be\/nl\/gite-l-alouette\/\",\"name\":\"G\u00eete L 'Alouette - Bureau de Tourisme de Chiny SI\",\"isPartOf\":{\"@id\":\"https:\/\/chiny-tourisme.be\/#website\"},\"primaryImageOfPage\":{\"@id\":\"https:\/\/chiny-tourisme.be\/nl\/gite-l-alouette\/#primaryimage\"},\"image\":{\"@id\":\"https:\/\/chiny-tourisme.be\/nl\/gite-l-alouette\/#primaryimage\"},\"thumbnailUrl\":\"https:\/\/chiny-tourisme.be\/wp-content\/uploads\/2022\/04\/1-300x225.jpg\",\"datePublished\":\"2022-04-09T12:27:57+00:00\",\"dateModified\":\"2022-04-09T12:41:43+00:00\",\"breadcrumb\":{\"@id\":\"https:\/\/chiny-tourisme.be\/nl\/gite-l-alouette\/#breadcrumb\"},\"inLanguage\":\"nl-NL\",\"potentialAction\":[{\"@type\":\"ReadAction\",\"target\":[\"https:\/\/chiny-tourisme.be\/nl\/gite-l-alouette\/\"]}]},{\"@type\":\"ImageObject\",\"inLanguage\":\"nl-NL\",\"@id\":\"https:\/\/chiny-tourisme.be\/nl\/gite-l-alouette\/#primaryimage\",\"url\":\"https:\/\/chiny-tourisme.be\/wp-content\/uploads\/2022\/04\/1-300x225.jpg\",\"contentUrl\":\"https:\/\/chiny-tourisme.be\/wp-content\/uploads\/2022\/04\/1-300x225.jpg\"},{\"@type\":\"BreadcrumbList\",\"@id\":\"https:\/\/chiny-tourisme.be\/nl\/gite-l-alouette\/#breadcrumb\",\"itemListElement\":[{\"@type\":\"ListItem\",\"position\":1,\"name\":\"Accueil\",\"item\":\"https:\/\/chiny-tourisme.be\/nl\/\"},{\"@type\":\"ListItem\",\"position\":2,\"name\":\"G\u00eete L &lsquo;Alouette\"}]},{\"@type\":\"WebSite\",\"@id\":\"https:\/\/chiny-tourisme.be\/#website\",\"url\":\"https:\/\/chiny-tourisme.be\/\",\"name\":\"Bureau de Tourisme de Chiny SI\",\"description\":\"Le centre d&#039;information \u00e0 Chiny-village\",\"potentialAction\":[{\"@type\":\"SearchAction\",\"target\":{\"@type\":\"EntryPoint\",\"urlTemplate\":\"https:\/\/chiny-tourisme.be\/?s={search_term_string}\"},\"query-input\":{\"@type\":\"PropertyValueSpecification\",\"valueRequired\":true,\"valueName\":\"search_term_string\"}}],\"inLanguage\":\"nl-NL\"}]}<\/script>\n<!-- \/ Yoast SEO plugin. -->","yoast_head_json":{"title":"G\u00eete L 'Alouette - Bureau de Tourisme de Chiny SI","robots":{"index":"index","follow":"follow","max-snippet":"max-snippet:-1","max-image-preview":"max-image-preview:large","max-video-preview":"max-video-preview:-1"},"canonical":"https:\/\/chiny-tourisme.be\/nl\/gite-l-alouette\/","og_locale":"nl_NL","og_type":"article","og_title":"G\u00eete L 'Alouette - Bureau de Tourisme de Chiny SI","og_description":"Le G\u00eete l&#8217;Alouette De woning heeft twee slaapkamers; \u00e9\u00e9n met een tweepersoonsbed, de andere met twee stapelbedden. Een ingerichte badkamer en ingerichte keuken met koelkast, vriezer, magnetron, &#8230; Een woonkamer met cassette fornuis, TV en Wifi Een garage in de kelder voor fietsen, kayaks&#8230; en een parkeerplaats. Achter vindt u tuinmeubelen en barbecue. Het terrein [&hellip;]","og_url":"https:\/\/chiny-tourisme.be\/nl\/gite-l-alouette\/","og_site_name":"Bureau de Tourisme de Chiny SI","article_publisher":"https:\/\/www.facebook.com\/ChinyTourisme\/","article_modified_time":"2022-04-09T12:41:43+00:00","og_image":[{"url":"https:\/\/chiny-tourisme.be\/wp-content\/uploads\/2022\/04\/1-300x225.jpg","type":"","width":"","height":""}],"twitter_card":"summary_large_image","twitter_misc":{"Geschatte leestijd":"1 minuut"},"schema":{"@context":"https:\/\/schema.org","@graph":[{"@type":"WebPage","@id":"https:\/\/chiny-tourisme.be\/nl\/gite-l-alouette\/","url":"https:\/\/chiny-tourisme.be\/nl\/gite-l-alouette\/","name":"G\u00eete L 'Alouette - Bureau de Tourisme de Chiny SI","isPartOf":{"@id":"https:\/\/chiny-tourisme.be\/#website"},"primaryImageOfPage":{"@id":"https:\/\/chiny-tourisme.be\/nl\/gite-l-alouette\/#primaryimage"},"image":{"@id":"https:\/\/chiny-tourisme.be\/nl\/gite-l-alouette\/#primaryimage"},"thumbnailUrl":"https:\/\/chiny-tourisme.be\/wp-content\/uploads\/2022\/04\/1-300x225.jpg","datePublished":"2022-04-09T12:27:57+00:00","dateModified":"2022-04-09T12:41:43+00:00","breadcrumb":{"@id":"https:\/\/chiny-tourisme.be\/nl\/gite-l-alouette\/#breadcrumb"},"inLanguage":"nl-NL","potentialAction":[{"@type":"ReadAction","target":["https:\/\/chiny-tourisme.be\/nl\/gite-l-alouette\/"]}]},{"@type":"ImageObject","inLanguage":"nl-NL","@id":"https:\/\/chiny-tourisme.be\/nl\/gite-l-alouette\/#primaryimage","url":"https:\/\/chiny-tourisme.be\/wp-content\/uploads\/2022\/04\/1-300x225.jpg","contentUrl":"https:\/\/chiny-tourisme.be\/wp-content\/uploads\/2022\/04\/1-300x225.jpg"},{"@type":"BreadcrumbList","@id":"https:\/\/chiny-tourisme.be\/nl\/gite-l-alouette\/#breadcrumb","itemListElement":[{"@type":"ListItem","position":1,"name":"Accueil","item":"https:\/\/chiny-tourisme.be\/nl\/"},{"@type":"ListItem","position":2,"name":"G\u00eete L &lsquo;Alouette"}]},{"@type":"WebSite","@id":"https:\/\/chiny-tourisme.be\/#website","url":"https:\/\/chiny-tourisme.be\/","name":"Bureau de Tourisme de Chiny SI","description":"Le centre d&#039;information \u00e0 Chiny-village","potentialAction":[{"@type":"SearchAction","target":{"@type":"EntryPoint","urlTemplate":"https:\/\/chiny-tourisme.be\/?s={search_term_string}"},"query-input":{"@type":"PropertyValueSpecification","valueRequired":true,"valueName":"search_term_string"}}],"inLanguage":"nl-NL"}]}},"_links":{"self":[{"href":"https:\/\/chiny-tourisme.be\/nl\/wp-json\/wp\/v2\/pages\/11045","targetHints":{"allow":["GET"]}}],"collection":[{"href":"https:\/\/chiny-tourisme.be\/nl\/wp-json\/wp\/v2\/pages"}],"about":[{"href":"https:\/\/chiny-tourisme.be\/nl\/wp-json\/wp\/v2\/types\/page"}],"author":[{"embeddable":true,"href":"https:\/\/chiny-tourisme.be\/nl\/wp-json\/wp\/v2\/users\/2"}],"replies":[{"embeddable":true,"href":"https:\/\/chiny-tourisme.be\/nl\/wp-json\/wp\/v2\/comments?post=11045"}],"version-history":[{"count":3,"href":"https:\/\/chiny-tourisme.be\/nl\/wp-json\/wp\/v2\/pages\/11045\/revisions"}],"predecessor-version":[{"id":11047,"href":"https:\/\/chiny-tourisme.be\/nl\/wp-json\/wp\/v2\/pages\/11045\/revisions\/11047"}],"wp:attachment":[{"href":"https:\/\/chiny-tourisme.be\/nl\/wp-json\/wp\/v2\/media?parent=11045"}],"curies":[{"name":"wp","href":"https:\/\/api.w.org\/{rel}","templated":true}]}}