{"id":5529,"date":"2013-04-05T13:33:38","date_gmt":"2013-04-05T13:33:38","guid":{"rendered":"http:\/\/chiny-tourisme.be\/nl\/contact\/"},"modified":"2026-03-07T15:26:52","modified_gmt":"2026-03-07T14:26:52","slug":"contact","status":"publish","type":"page","link":"https:\/\/chiny-tourisme.be\/nl\/contact\/","title":{"rendered":"Contact"},"content":{"rendered":"<div id='full_slider_1'  class='avia-fullwidth-slider main_color avia-shadow   avia-builder-el-0  el_before_av_heading  avia-builder-el-first   container_wrap sidebar_right'  ><div  class='avia-slideshow av-138d5a7-52cbd95d13ac6a74c619b3ab50a6c577 avia-slideshow-no scaling av_slideshow_full avia-slide-slider av-slideshow-ui av-control-default av-slideshow-manual av-loop-once av-loop-manual-endless av-default-height-applied   avia-slideshow-1' data-slideshow-options=\"{&quot;animation&quot;:&quot;slide&quot;,&quot;autoplay&quot;:false,&quot;loop_autoplay&quot;:&quot;once&quot;,&quot;interval&quot;:5,&quot;loop_manual&quot;:&quot;manual-endless&quot;,&quot;autoplay_stopper&quot;:false,&quot;noNavigation&quot;:false,&quot;bg_slider&quot;:false,&quot;keep_padding&quot;:false,&quot;hoverpause&quot;:false,&quot;show_slide_delay&quot;:0}\"  itemprop=\"image\" itemscope=\"itemscope\" itemtype=\"https:\/\/schema.org\/ImageObject\" ><ul class='avia-slideshow-inner ' style='padding-bottom: 12.007599746675%;'><li  class='avia-slideshow-slide av-138d5a7-52cbd95d13ac6a74c619b3ab50a6c577__0  av-single-slide slide-1 slide-odd'><div data-rel='slideshow-1' class='avia-slide-wrap '   ><img decoding=\"async\" fetchpriority=\"high\" class=\"wp-image-6147 avia-img-lazy-loading-not-6147\"  src=\"https:\/\/chiny-tourisme.be\/wp-content\/uploads\/2013\/04\/compo-page-contact.jpg\" width=\"7895\" height=\"948\" title='compo page contact' alt='Vues typiques du tourisme \u00e0 Chiny'  itemprop=\"thumbnailUrl\" srcset=\"https:\/\/chiny-tourisme.be\/wp-content\/uploads\/2013\/04\/compo-page-contact.jpg 7895w, https:\/\/chiny-tourisme.be\/wp-content\/uploads\/2013\/04\/compo-page-contact-300x36.jpg 300w, https:\/\/chiny-tourisme.be\/wp-content\/uploads\/2013\/04\/compo-page-contact-768x92.jpg 768w, https:\/\/chiny-tourisme.be\/wp-content\/uploads\/2013\/04\/compo-page-contact-1030x124.jpg 1030w, https:\/\/chiny-tourisme.be\/wp-content\/uploads\/2013\/04\/compo-page-contact-1500x180.jpg 1500w, https:\/\/chiny-tourisme.be\/wp-content\/uploads\/2013\/04\/compo-page-contact-705x85.jpg 705w, https:\/\/chiny-tourisme.be\/wp-content\/uploads\/2013\/04\/compo-page-contact-450x54.jpg 450w\" sizes=\"(max-width: 7895px) 100vw, 7895px\" \/><\/div><\/li><\/ul><\/div><\/div><div id='after_full_slider_1'  class='main_color av_default_container_wrap container_wrap sidebar_right'  ><div class='container av-section-cont-open' ><div class='template-page content  av-content-small alpha units'><div class='post-entry post-entry-type-page post-entry-5529'><div class='entry-content-wrapper clearfix'>\n\n<style type=\"text\/css\" data-created_by=\"avia_inline_auto\" id=\"style-css-av-av_heading-630454398ad04c9a2a100d6e00c1b2a1\">\n#top .av-special-heading.av-av_heading-630454398ad04c9a2a100d6e00c1b2a1{\npadding-bottom:10px;\n}\nbody .av-special-heading.av-av_heading-630454398ad04c9a2a100d6e00c1b2a1 .av-special-heading-tag .heading-char{\nfont-size:25px;\n}\n.av-special-heading.av-av_heading-630454398ad04c9a2a100d6e00c1b2a1 .av-subheading{\nfont-size:10px;\n}\n<\/style>\n<div  class='av-special-heading av-av_heading-630454398ad04c9a2a100d6e00c1b2a1 av-special-heading-h1 meta-heading blockquote modern-quote modern-centered  avia-builder-el-1  el_after_av_slideshow_full  el_before_av_notification  avia-builder-el-first '><h1 class='av-special-heading-tag '  itemprop=\"headline\"  >Le Bureau du Tourisme de Chiny &#8211; Contact<\/h1><div class=\"special-heading-border\"><div class=\"special-heading-inner-border\"><\/div><\/div><\/div>\n<div id='avia-messagebox-' class='avia_message_box av_notification av-xloz8v-cf142c76899c509c5b0f010aa4b6f523 avia-color-green avia-size-large avia-icon_select-yes avia-border-  avia-builder-el-2  el_after_av_heading  el_before_av_textblock ' ><span class='avia_message_box_title' >Un bon conseil:<\/span><div class=\"avia_message_box_content\"><span class='avia_message_box_icon avia-iconfont avia-font-entypo-fontello' data-av_icon='\ue82b' data-av_iconfont='entypo-fontello' ><\/span><p>Venez y chercher les petits d\u00e9tails qui feront le succ\u00e8s de votre journ\u00e9e<\/p>\n<\/div><\/div>\n<section  class='av_textblock_section av-w4xbwf-3760763aa85cc4b5e66735f3b96f3b11 '   itemscope=\"itemscope\" itemtype=\"https:\/\/schema.org\/CreativeWork\" ><div class='avia_textblock'  itemprop=\"text\" ><h3 style=\"text-align: center;\">Royal Syndicat d&#8217;Initiative de Chiny asbl<\/h3>\n<h3 style=\"text-align: center;\"><span style=\"color: #000000;\">Adresse: rue du Mill\u00e9naire,6 &#8211; 6810 Chiny &#8211; Belgique<\/span><\/h3>\n<p style=\"text-align: center;\">Mail: <code><a href=\"&#109;a&#x69;l&#x74;o&#x3a;i&#x6e;&#102;&#x6f;&#64;&#x63;&#104;&#x69;&#110;y&#45;t&#x6f;u&#x72;i&#x73;&#109;&#x65;&#46;&#x62;&#101;\">&#105;&#110;&#x66;o&#64;&#x63;&#x68;i&#110;&#x79;&#x2d;t&#111;&#x75;r&#105;&#x73;&#x6d;e&#46;&#x62;&#x65;<\/a><\/code><\/p>\n<p style=\"text-align: center;\"><strong>Compte bancaire : BE94 0010 8089 1814<\/strong><\/p>\n<h3 style=\"text-align: center;\"><span style=\"color: #ff0000;\">T\u00e9l\u00e9phone: <a class=\"fl r-ikFBwVgh3MUw\" title=\"Appeller avec Hangouts\" data-number=\"+3261325353\" data-rtid=\"ikFBwVgh3MUw\" data-ved=\"0CHcQkAgoATASahUKEwi5iqza8ZvHAhXKBiwKHYYpAHY\">00 32 61 31 54 04<\/a>\u00a0<\/span><\/h3>\n<p>Lors des activit\u00e9s promenades et randonn\u00e9es, les membres du Syndicat d&#8217;Initiative se relaient quelques fois pour assurer une permanence en l&#8217;absence de Sabine. A d\u00e9faut, certains documents restent disponibles \u00e0 la porte d&#8217;entr\u00e9e du Bureau.<\/p>\n<p>Pour les amis et fans des animations: <a href=\"http:\/\/chiny-tourisme.be\/syndicat-d-initiative\/\">la photo de groupe des membres dynamiques du SI<\/a> &#8211; Vous souhaitez vous investir <strong>activement<\/strong> dans une association de plus en plus rayonnante et prendre part \u00e0 l&#8217;organisation <strong>op\u00e9rationnelle<\/strong> de nos activit\u00e9s ? Dites-le nous.<\/p>\n<\/div><\/section>\n\n<style type=\"text\/css\" data-created_by=\"avia_inline_auto\" id=\"style-css-av-av_heading-af19d7ef945f3e268ce5149ed87ed7c3\">\n#top .av-special-heading.av-av_heading-af19d7ef945f3e268ce5149ed87ed7c3{\npadding-bottom:10px;\n}\nbody .av-special-heading.av-av_heading-af19d7ef945f3e268ce5149ed87ed7c3 .av-special-heading-tag .heading-char{\nfont-size:25px;\n}\n.av-special-heading.av-av_heading-af19d7ef945f3e268ce5149ed87ed7c3 .av-subheading{\nfont-size:10px;\n}\n<\/style>\n<div  class='av-special-heading av-av_heading-af19d7ef945f3e268ce5149ed87ed7c3 av-special-heading-h2 meta-heading blockquote modern-quote modern-centered  avia-builder-el-4  el_after_av_textblock  el_before_av_one_third '><h2 class='av-special-heading-tag '  itemprop=\"headline\"  >Contactez-nous par mail<\/h2><div class=\"special-heading-border\"><div class=\"special-heading-inner-border\"><\/div><\/div><\/div>\n\n<style type=\"text\/css\" data-created_by=\"avia_inline_auto\" id=\"style-css-av-thcefz-391f597bbf73c9a1b53bc916d885a9ce\">\n.flex_column.av-thcefz-391f597bbf73c9a1b53bc916d885a9ce{\nborder-radius:0px 0px 0px 0px;\npadding:0px 0px 0px 0px;\n}\n<\/style>\n<div  class='flex_column av-thcefz-391f597bbf73c9a1b53bc916d885a9ce av_one_third  avia-builder-el-5  el_after_av_heading  el_before_av_two_third  first flex_column_div av-zero-column-padding  '     ><section  class='avia-team-member av-qn8chb-bf4d8109f10344b57162c45cd2baf055  avia-builder-el-6  avia-builder-el-no-sibling '  itemscope=\"itemscope\" itemtype=\"https:\/\/schema.org\/Person\" ><div class=\"team-img-container\"><img decoding=\"async\" fetchpriority=\"high\" class='wp-image-11217 avia-img-lazy-loading-not-11217 avia_image avia_image_team' src=\"https:\/\/chiny-tourisme.be\/wp-content\/uploads\/2013\/04\/Sabine-09-225x300.jpg\" alt='Sabine'  itemprop=\"image\"   height=\"300\" width=\"225\" srcset=\"https:\/\/chiny-tourisme.be\/wp-content\/uploads\/2013\/04\/Sabine-09-225x300.jpg 225w, https:\/\/chiny-tourisme.be\/wp-content\/uploads\/2013\/04\/Sabine-09-450x600.jpg 450w, https:\/\/chiny-tourisme.be\/wp-content\/uploads\/2013\/04\/Sabine-09.jpg 480w\" sizes=\"(max-width: 225px) 100vw, 225px\" \/><\/div><h3 class='team-member-name '  itemprop=\"name\" >Sabine<\/h3><div class='team-member-job-title '  itemprop=\"jobTitle\" >Accueil du Bureau du tourisme et animatrice du Syndicat d\u2019Initiative<\/div><div class='team-member-description '  itemprop=\"description\" ><p>Guide-nature et conteuse bien connue \u00e0 Chiny, Sabine connait toutes les promenades dans le d\u00e9tail et peut vous renseigner les difficult\u00e9s, les raccourcis ou les meilleures combinaisons.<\/p>\n<\/div><span class='hidden team-member-affiliation'  itemprop=\"affiliation\" >Bureau de Tourisme de Chiny SI<\/span><\/section><\/div>\n\n<style type=\"text\/css\" data-created_by=\"avia_inline_auto\" id=\"style-css-av-p6levz-2b4051c60cada0ce978d40fd2c2e277c\">\n.flex_column.av-p6levz-2b4051c60cada0ce978d40fd2c2e277c{\nborder-radius:0px 0px 0px 0px;\npadding:0px 0px 0px 0px;\n}\n<\/style>\n<div  class='flex_column av-p6levz-2b4051c60cada0ce978d40fd2c2e277c av_two_third  avia-builder-el-7  el_after_av_one_third  el_before_av_one_full  flex_column_div av-zero-column-padding  '     ><p><br \/>\n<form action=\"https:\/\/chiny-tourisme.be\/nl\/contact\/\" method=\"post\" data-fields-with-error=\"Fouten gevonden in de volgende velden:\" class=\"avia_ajax_form av-form-labels-visible   avia-builder-el-9  el_after_av_image  avia-builder-el-last   \" data-avia-form-id=\"1\" data-avia-redirect='' ><h3 class=''>Envoyez-nous vos questions<\/h3><fieldset><p class='  first_form  form_element form_element_half' id='element_avia_1_1'><label for=\"avia_1_1\">Pr\u00e9nom et Nom <abbr class=\"required\" title=\"vereist\">*<\/abbr><\/label> <input name=\"avia_1_1\" class=\"text_input is_empty\" type=\"text\" id=\"avia_1_1\" value=\"\" \/><\/p><p class='  form_element form_element_half' id='element_avia_2_1'><label for=\"avia_2_1\">Votre adresse e-mail <abbr class=\"required\" title=\"vereist\">*<\/abbr><\/label> <input name=\"avia_2_1\" class=\"text_input is_email\" type=\"text\" id=\"avia_2_1\" value=\"\" \/><\/p><p class='  first_form  form_element form_fullwidth' id='element_avia_3_1'><label for=\"avia_3_1\">Votre num\u00e9ro de t\u00e9l\u00e9phone ( si nous devons vous pr\u00e9venir de l\u2018annulation d\u2019une activit\u00e9 )<\/label> <input name=\"avia_3_1\" class=\"text_input \" type=\"text\" id=\"avia_3_1\" value=\"\" \/><\/p><p class='  first_form  form_element form_fullwidth' id='element_avia_4_1'><label for=\"avia_4_1\">Votre question ou votre demande <abbr class=\"required\" title=\"vereist\">*<\/abbr><\/label> <input name=\"avia_4_1\" class=\"text_input is_empty\" type=\"text\" id=\"avia_4_1\" value=\"\" \/><\/p><p class='  first_form  form_element form_fullwidth av-last-visible-form-element' id='element_avia_5_1'><label for=\"avia_5_1\" class=\"textare_label hidden textare_label_avia_5_1\">Votre message <abbr class=\"required\" title=\"vereist\">*<\/abbr><\/label><textarea  name=\"avia_5_1\" class=\"text_area is_empty\" cols=\"40\" rows=\"7\" id=\"avia_5_1\" ><\/textarea><\/p><p class=\"hidden\"><input type=\"text\" name=\"avia_6_1\" class=\"hidden \" id=\"avia_6_1\" value=\"\" \/><\/p><p class=\"form_element \"><input type=\"hidden\" value=\"1\" name=\"avia_generated_form1\" \/><input type=\"submit\" value=\"Envoyez\" class=\"button\"  data-sending-label=\"Verzenden\"\/><\/p><\/fieldset><\/form><div id=\"ajaxresponse_1\" class=\"ajaxresponse ajaxresponse_1 hidden\"><\/div><\/p><\/div>\n<div  class='flex_column av-caab27-d0ab82dcfd29ec7705c4ea3114cf9804 av_one_full  avia-builder-el-10  el_after_av_two_third  el_before_av_hr  first flex_column_div  column-top-margin'     ><section  class='av_textblock_section av-bds1fj-9fe02c1fc367018ccd12f65f6fd8fbae '   itemscope=\"itemscope\" itemtype=\"https:\/\/schema.org\/CreativeWork\" ><div class='avia_textblock'  itemprop=\"text\" ><h1>Animations- Inscriptions<\/h1>\n<p>Petit rappel \u00e0 l&#8217;intention des <strong>personnes qui s&#8217;inscrivent \u00e0 nos activit\u00e9s<\/strong> par mail\u00a0 <code><a href=\"&#x6d;a&#x69;&#108;&#x74;&#111;&#x3a;&#x69;n&#x66;&#111;&#x40;&#99;&#x68;&#105;n&#x79;&#45;&#x74;&#111;&#x75;&#114;i&#x73;&#109;&#x65;&#46;&#x62;&#101;\">&#105;&#x6e;f&#111;&#x40;c&#104;&#x69;n&#x79;&#x2d;&#116;&#x6f;u&#114;&#x69;s&#109;&#x65;&#46;&#x62;&#x65;<\/a><\/code><code><\/code> ou avec ce formulaire:<\/p>\n<p>Certaines activit\u00e9s sont quelques fois susceptibles d&#8217;\u00eatre annul\u00e9es en derni\u00e8re minute pour cause de fortes intemp\u00e9rie, de maladie d&#8217;une personne de l&#8217;organisation ou faute d&#8217;un nombre minimum d&#8217;inscrits, etc.<\/p>\n<p>Pour cela <strong>n&#8217;oubliez pas de nous transmettre le n\u00b0 de t\u00e9l\u00e9phone<\/strong> sur lequel vous serez <strong>joignable le matin ou la veille de l&#8217;\u00e9v\u00e8nement<\/strong>.<\/p>\n<p>Si vous souhaitez \u00eatre <strong>automatiquement inform\u00e9 de nos projets<\/strong>, donnez-nous l&#8217;adresse mail \u00e0 laquelle vous souhaitez recevoir nos news.<\/p>\n<p><strong>Pour nous permettre de mieux vous conna\u00eetre<\/strong> faites-nous part de vos hobbies ou &#8220;savoir-faire&#8221;particuliers que vous souhaiteriez transmettre et les activit\u00e9s que vous pr\u00e9f\u00e9rez.<\/p>\n<\/div><\/section><\/div><div  class='hr av-9bkcvj-193009a3879b3f46a53e7a6003f9bc6e hr-default  avia-builder-el-12  el_after_av_one_full  el_before_av_textblock '><span class='hr-inner '><span class=\"hr-inner-style\"><\/span><\/span><\/div><\/p>\n<section  class='av_textblock_section av-tr9pr-f33b9dac605058894679ba460521155e '   itemscope=\"itemscope\" itemtype=\"https:\/\/schema.org\/CreativeWork\" ><div class='avia_textblock'  itemprop=\"text\" ><h1>Erreur, omission, mise \u00e0 jour n\u00e9cessaire ?<\/h1>\n<p>Vous avez trouv\u00e9 sur ce site une info inexacte ou qui m\u00e9rite une modification ? Prenez contact avec nous.<\/p>\n<p>Pour faire vite, si vous pouvez, copiez-collez l&#8217;info \u00e0 corriger puis joignez en-dessous la version que vous proposez. Nous examinerons votre requ\u00eate dans les meilleurs d\u00e9lais. Nous vous remercions d&#8217;avance pour cette attention.<\/p>\n<\/div><\/section>\n\n<style type=\"text\/css\" data-created_by=\"avia_inline_auto\" id=\"style-css-av-66jfe7-1251669b89198c841ce6f4ab91c56db7\">\n.avia-logo-element-container.av-66jfe7-1251669b89198c841ce6f4ab91c56db7 .av-partner-fake-img{\nbackground-size:cover;\n}\n<\/style>\n<div  class='avia-logo-element-container av-66jfe7-1251669b89198c841ce6f4ab91c56db7 avia-logo-slider avia-content-slider avia-smallarrow-slider avia-content-slider-active noHover avia-content-slider-odd  avia-builder-el-14  el_after_av_textblock  el_before_av_textblock  av-slideshow-ui av-control-default av-nav-arrows-visible av-nav-dots-visible av-no-slider-navigation av-slideshow-manual av-loop-once av-loop-manual-endless avia-content-slider1' data-slideshow-options=\"{&quot;animation&quot;:&quot;slide&quot;,&quot;autoplay&quot;:false,&quot;loop_autoplay&quot;:&quot;once&quot;,&quot;interval&quot;:5,&quot;loop_manual&quot;:&quot;manual-endless&quot;,&quot;autoplay_stopper&quot;:false,&quot;noNavigation&quot;:false,&quot;bg_slider&quot;:false,&quot;keep_padding&quot;:&quot;&quot;,&quot;hoverpause&quot;:false,&quot;show_slide_delay&quot;:0}\"><div class='avia-smallarrow-slider-heading  no-logo-slider-heading '><div class='new-special-heading'>&nbsp;<\/div><\/div><div class=\"avia-content-slider-inner\"><div class=\"slide-entry-wrap\"><div data-avia-tooltip=\"LE SITE OFFICIEL D\u2019INFORMATION TOURISTIQUE DU LUXEMBOURG BELGE\" class='slide-entry av-4wsozj-a5d939cbcdcf776c6ee27fb6508ec484 flex_column no_margin av_fullwidth real-thumbnail post-entry slide-entry-overview slide-loop-1 slide-parity-odd post-entry-last first'><a href=\"http:\/\/ftlb.be\/\" data-rel='slide-1' class='slide-image' title=''  target=\"_blank\"  rel=\"noopener noreferrer\"><span class='av-partner-fake-img' style='padding-bottom:100%; background-image:url(https:\/\/chiny-tourisme.be\/wp-content\/uploads\/2013\/04\/logo-ftlb-petit-pourpage-contact.jpg);'><\/span><\/a><\/div><\/div><\/div><\/div>\n<section  class='av_textblock_section av-21a9r3-5df7c577dac1519738a1c049c76675dd '   itemscope=\"itemscope\" itemtype=\"https:\/\/schema.org\/CreativeWork\" ><div class='avia_textblock'  itemprop=\"text\" ><h1><strong>Droits<\/strong><\/h1>\n<p>Tous les droits li\u00e9s \u00e0 ce site du S.I. de Chiny ASBL , incluant (mais de fa\u00e7on non exhaustive) la devise et le logo du S.I. Chiny, du bureau du Tourisme de Chiny s.i., les images, sont r\u00e9serv\u00e9s. Les droits li\u00e9s \u00e0 la propri\u00e9t\u00e9 appartiennent au S.I. Chiny. La reproduction d\u2019une information, ou d\u2019une partie d\u2019information, est strictement interdite, sauf express\u00e9ment autoris\u00e9e par le S.I. Chiny.<br \/>\nLa copie d\u2019informations de ce site est limit\u00e9e \u00e0 un usage priv\u00e9.<\/p>\n<\/div><\/section>\n","protected":false},"excerpt":{"rendered":"","protected":false},"author":2,"featured_media":0,"parent":0,"menu_order":0,"comment_status":"open","ping_status":"open","template":"","meta":{"footnotes":""},"class_list":["post-5529","page","type-page","status-publish","hentry"],"yoast_head":"<!-- This site is optimized with the Yoast SEO plugin v26.8 - https:\/\/yoast.com\/product\/yoast-seo-wordpress\/ -->\n<title>Contact - Toerismebureau van Chiny<\/title>\n<meta name=\"description\" content=\"Contact toerismebureau van Chiny voor het organiseren van uw verblijf, bij het uitstippelen van een wandeling.\" \/>\n<meta name=\"robots\" content=\"index, follow, max-snippet:-1, max-image-preview:large, max-video-preview:-1\" \/>\n<link rel=\"canonical\" href=\"https:\/\/chiny-tourisme.be\/nl\/contact\/\" \/>\n<meta property=\"og:locale\" content=\"nl_NL\" \/>\n<meta property=\"og:type\" content=\"article\" \/>\n<meta property=\"og:title\" content=\"Contact - Toerismebureau van Chiny\" \/>\n<meta property=\"og:description\" content=\"Contact toerismebureau van Chiny voor het organiseren van uw verblijf, bij het uitstippelen van een wandeling.\" \/>\n<meta property=\"og:url\" content=\"https:\/\/chiny-tourisme.be\/nl\/contact\/\" \/>\n<meta property=\"og:site_name\" content=\"Bureau de Tourisme de Chiny SI\" \/>\n<meta property=\"article:publisher\" content=\"https:\/\/www.facebook.com\/ChinyTourisme\/\" \/>\n<meta property=\"article:modified_time\" content=\"2026-03-07T14:26:52+00:00\" \/>\n<meta property=\"og:image\" content=\"https:\/\/chiny-tourisme.be\/wp-content\/uploads\/2015\/08\/Logo-Bureau-du-Tourisme-Chiny-grand-1500.png\" \/>\n\t<meta property=\"og:image:width\" content=\"300\" \/>\n\t<meta property=\"og:image:height\" content=\"149\" \/>\n\t<meta property=\"og:image:type\" content=\"image\/png\" \/>\n<meta name=\"twitter:card\" content=\"summary_large_image\" \/>\n<meta name=\"twitter:label1\" content=\"Geschatte leestijd\" \/>\n\t<meta name=\"twitter:data1\" content=\"4 minuten\" \/>\n<script type=\"application\/ld+json\" class=\"yoast-schema-graph\">{\"@context\":\"https:\/\/schema.org\",\"@graph\":[{\"@type\":\"WebPage\",\"@id\":\"https:\/\/chiny-tourisme.be\/nl\/contact\/\",\"url\":\"https:\/\/chiny-tourisme.be\/nl\/contact\/\",\"name\":\"Contact - Toerismebureau van Chiny\",\"isPartOf\":{\"@id\":\"https:\/\/chiny-tourisme.be\/#website\"},\"datePublished\":\"2013-04-05T13:33:38+00:00\",\"dateModified\":\"2026-03-07T14:26:52+00:00\",\"description\":\"Contact toerismebureau van Chiny voor het organiseren van uw verblijf, bij het uitstippelen van een wandeling.\",\"breadcrumb\":{\"@id\":\"https:\/\/chiny-tourisme.be\/nl\/contact\/#breadcrumb\"},\"inLanguage\":\"nl-NL\",\"potentialAction\":[{\"@type\":\"ReadAction\",\"target\":[\"https:\/\/chiny-tourisme.be\/nl\/contact\/\"]}]},{\"@type\":\"BreadcrumbList\",\"@id\":\"https:\/\/chiny-tourisme.be\/nl\/contact\/#breadcrumb\",\"itemListElement\":[{\"@type\":\"ListItem\",\"position\":1,\"name\":\"Accueil\",\"item\":\"https:\/\/chiny-tourisme.be\/nl\/\"},{\"@type\":\"ListItem\",\"position\":2,\"name\":\"Contact\"}]},{\"@type\":\"WebSite\",\"@id\":\"https:\/\/chiny-tourisme.be\/#website\",\"url\":\"https:\/\/chiny-tourisme.be\/\",\"name\":\"Bureau de Tourisme de Chiny SI\",\"description\":\"Le centre d&#039;information \u00e0 Chiny-village\",\"potentialAction\":[{\"@type\":\"SearchAction\",\"target\":{\"@type\":\"EntryPoint\",\"urlTemplate\":\"https:\/\/chiny-tourisme.be\/?s={search_term_string}\"},\"query-input\":{\"@type\":\"PropertyValueSpecification\",\"valueRequired\":true,\"valueName\":\"search_term_string\"}}],\"inLanguage\":\"nl-NL\"}]}<\/script>\n<!-- \/ Yoast SEO plugin. -->","yoast_head_json":{"title":"Contact - Toerismebureau van Chiny","description":"Contact toerismebureau van Chiny voor het organiseren van uw verblijf, bij het uitstippelen van een wandeling.","robots":{"index":"index","follow":"follow","max-snippet":"max-snippet:-1","max-image-preview":"max-image-preview:large","max-video-preview":"max-video-preview:-1"},"canonical":"https:\/\/chiny-tourisme.be\/nl\/contact\/","og_locale":"nl_NL","og_type":"article","og_title":"Contact - Toerismebureau van Chiny","og_description":"Contact toerismebureau van Chiny voor het organiseren van uw verblijf, bij het uitstippelen van een wandeling.","og_url":"https:\/\/chiny-tourisme.be\/nl\/contact\/","og_site_name":"Bureau de Tourisme de Chiny SI","article_publisher":"https:\/\/www.facebook.com\/ChinyTourisme\/","article_modified_time":"2026-03-07T14:26:52+00:00","og_image":[{"width":300,"height":149,"url":"https:\/\/chiny-tourisme.be\/wp-content\/uploads\/2015\/08\/Logo-Bureau-du-Tourisme-Chiny-grand-1500.png","type":"image\/png"}],"twitter_card":"summary_large_image","twitter_misc":{"Geschatte leestijd":"4 minuten"},"schema":{"@context":"https:\/\/schema.org","@graph":[{"@type":"WebPage","@id":"https:\/\/chiny-tourisme.be\/nl\/contact\/","url":"https:\/\/chiny-tourisme.be\/nl\/contact\/","name":"Contact - Toerismebureau van Chiny","isPartOf":{"@id":"https:\/\/chiny-tourisme.be\/#website"},"datePublished":"2013-04-05T13:33:38+00:00","dateModified":"2026-03-07T14:26:52+00:00","description":"Contact toerismebureau van Chiny voor het organiseren van uw verblijf, bij het uitstippelen van een wandeling.","breadcrumb":{"@id":"https:\/\/chiny-tourisme.be\/nl\/contact\/#breadcrumb"},"inLanguage":"nl-NL","potentialAction":[{"@type":"ReadAction","target":["https:\/\/chiny-tourisme.be\/nl\/contact\/"]}]},{"@type":"BreadcrumbList","@id":"https:\/\/chiny-tourisme.be\/nl\/contact\/#breadcrumb","itemListElement":[{"@type":"ListItem","position":1,"name":"Accueil","item":"https:\/\/chiny-tourisme.be\/nl\/"},{"@type":"ListItem","position":2,"name":"Contact"}]},{"@type":"WebSite","@id":"https:\/\/chiny-tourisme.be\/#website","url":"https:\/\/chiny-tourisme.be\/","name":"Bureau de Tourisme de Chiny SI","description":"Le centre d&#039;information \u00e0 Chiny-village","potentialAction":[{"@type":"SearchAction","target":{"@type":"EntryPoint","urlTemplate":"https:\/\/chiny-tourisme.be\/?s={search_term_string}"},"query-input":{"@type":"PropertyValueSpecification","valueRequired":true,"valueName":"search_term_string"}}],"inLanguage":"nl-NL"}]}},"_links":{"self":[{"href":"https:\/\/chiny-tourisme.be\/nl\/wp-json\/wp\/v2\/pages\/5529","targetHints":{"allow":["GET"]}}],"collection":[{"href":"https:\/\/chiny-tourisme.be\/nl\/wp-json\/wp\/v2\/pages"}],"about":[{"href":"https:\/\/chiny-tourisme.be\/nl\/wp-json\/wp\/v2\/types\/page"}],"author":[{"embeddable":true,"href":"https:\/\/chiny-tourisme.be\/nl\/wp-json\/wp\/v2\/users\/2"}],"replies":[{"embeddable":true,"href":"https:\/\/chiny-tourisme.be\/nl\/wp-json\/wp\/v2\/comments?post=5529"}],"version-history":[{"count":4,"href":"https:\/\/chiny-tourisme.be\/nl\/wp-json\/wp\/v2\/pages\/5529\/revisions"}],"predecessor-version":[{"id":13184,"href":"https:\/\/chiny-tourisme.be\/nl\/wp-json\/wp\/v2\/pages\/5529\/revisions\/13184"}],"wp:attachment":[{"href":"https:\/\/chiny-tourisme.be\/nl\/wp-json\/wp\/v2\/media?parent=5529"}],"curies":[{"name":"wp","href":"https:\/\/api.w.org\/{rel}","templated":true}]}}