{"id":6085,"date":"2016-04-28T22:09:06","date_gmt":"2016-04-28T20:09:06","guid":{"rendered":"http:\/\/chiny-tourisme.be\/nl\/?page_id=6085"},"modified":"2016-04-28T22:23:02","modified_gmt":"2016-04-28T20:23:02","slug":"le-nid-dizel","status":"publish","type":"page","link":"https:\/\/chiny-tourisme.be\/nl\/overnachting-chiny\/hotel\/le-nid-dizel\/","title":{"rendered":"Le Nid d\u2019Izel"},"content":{"rendered":"\n<style type=\"text\/css\" data-created_by=\"avia_inline_auto\" id=\"style-css-av-av_one_half-352b07ef7d3bc99b2e9f92e7a9e06bdb\">\n.flex_column.av-av_one_half-352b07ef7d3bc99b2e9f92e7a9e06bdb{\nborder-radius:0px 0px 0px 0px;\npadding:0px 0px 0px 0px;\n}\n<\/style>\n<div  class='flex_column av-av_one_half-352b07ef7d3bc99b2e9f92e7a9e06bdb av_one_half  avia-builder-el-0  el_before_av_one_half  avia-builder-el-first  first flex_column_div av-zero-column-padding  '     ><div id='av-masonry-1' class='av-masonry av-av_masonry_gallery-d66ad752095132f93efe821eeb1d3e4e noHover av-flex-size av-large-gap av-hover-overlay-active av-masonry-animation-active av-masonry-col-flexible av-caption-always av-caption-style- av-masonry-gallery ' data-post_id=\"6085\"><div class=\"av-masonry-container isotope av-js-disabled\"><div class='av-masonry-entry isotope-item av-masonry-item-no-image '><\/div><a href=\"https:\/\/chiny-tourisme.be\/wp-content\/uploads\/2016\/04\/Nid-dIzel-Enseigne-1.png\" data-srcset=\"https:\/\/chiny-tourisme.be\/wp-content\/uploads\/2016\/04\/Nid-dIzel-Enseigne-1.png 900w, https:\/\/chiny-tourisme.be\/wp-content\/uploads\/2016\/04\/Nid-dIzel-Enseigne-1-300x181.png 300w, https:\/\/chiny-tourisme.be\/wp-content\/uploads\/2016\/04\/Nid-dIzel-Enseigne-1-768x464.png 768w, https:\/\/chiny-tourisme.be\/wp-content\/uploads\/2016\/04\/Nid-dIzel-Enseigne-1-705x426.png 705w, https:\/\/chiny-tourisme.be\/wp-content\/uploads\/2016\/04\/Nid-dIzel-Enseigne-1-450x272.png 450w\" data-sizes=\"(max-width: 900px) 100vw, 900px\"  aria-label=\"afbeelding Nid d&#8217;Izel Enseigne\"  id='av-masonry-1-item-10453' data-av-masonry-item='10453' class='av-masonry-entry isotope-item post-10453 attachment type-attachment status-inherit hentry  av-masonry-item-with-image' title=\"Nid d&#8217;Izel Enseigne\" alt=\"\"    itemprop=\"thumbnailUrl\" ><div class='av-inner-masonry-sizer'><\/div><figure class='av-inner-masonry main_color'><div class=\"av-masonry-outerimage-container\"><div class='av-masonry-image-container'  ><img decoding=\"async\" width=\"705\" height=\"426\" fetchpriority=\"high\" class=\"wp-image-10453 avia-img-lazy-loading-not-10453\"  src=\"https:\/\/chiny-tourisme.be\/wp-content\/uploads\/2016\/04\/Nid-dIzel-Enseigne-1-705x426.png\" title=\"Nid d&#8217;Izel Enseigne\" alt=\"\" srcset=\"https:\/\/chiny-tourisme.be\/wp-content\/uploads\/2016\/04\/Nid-dIzel-Enseigne-1-705x426.png 705w, https:\/\/chiny-tourisme.be\/wp-content\/uploads\/2016\/04\/Nid-dIzel-Enseigne-1-300x181.png 300w, https:\/\/chiny-tourisme.be\/wp-content\/uploads\/2016\/04\/Nid-dIzel-Enseigne-1-768x464.png 768w, https:\/\/chiny-tourisme.be\/wp-content\/uploads\/2016\/04\/Nid-dIzel-Enseigne-1-450x272.png 450w, https:\/\/chiny-tourisme.be\/wp-content\/uploads\/2016\/04\/Nid-dIzel-Enseigne-1.png 900w\" sizes=\"(max-width: 705px) 100vw, 705px\" \/><\/div><\/div><\/figure><\/a><!--end av-masonry entry--><a href=\"https:\/\/chiny-tourisme.be\/wp-content\/uploads\/2016\/04\/Nid-dIzel-facade-1.jpg\" data-srcset=\"https:\/\/chiny-tourisme.be\/wp-content\/uploads\/2016\/04\/Nid-dIzel-facade-1.jpg 840w, https:\/\/chiny-tourisme.be\/wp-content\/uploads\/2016\/04\/Nid-dIzel-facade-1-300x164.jpg 300w, https:\/\/chiny-tourisme.be\/wp-content\/uploads\/2016\/04\/Nid-dIzel-facade-1-768x421.jpg 768w, https:\/\/chiny-tourisme.be\/wp-content\/uploads\/2016\/04\/Nid-dIzel-facade-1-705x386.jpg 705w, https:\/\/chiny-tourisme.be\/wp-content\/uploads\/2016\/04\/Nid-dIzel-facade-1-450x246.jpg 450w\" data-sizes=\"(max-width: 840px) 100vw, 840px\"  aria-label=\"afbeelding Nid d&#8217;Izel facade\"  id='av-masonry-1-item-10454' data-av-masonry-item='10454' class='av-masonry-entry isotope-item post-10454 attachment type-attachment status-inherit hentry  av-masonry-item-with-image' title=\"Nid d&#8217;Izel facade\" alt=\"\"    itemprop=\"thumbnailUrl\" ><div class='av-inner-masonry-sizer'><\/div><figure class='av-inner-masonry main_color'><div class=\"av-masonry-outerimage-container\"><div class='av-masonry-image-container'  ><img decoding=\"async\" width=\"705\" height=\"386\" fetchpriority=\"high\" class=\"wp-image-10454 avia-img-lazy-loading-not-10454\"  src=\"https:\/\/chiny-tourisme.be\/wp-content\/uploads\/2016\/04\/Nid-dIzel-facade-1-705x386.jpg\" title=\"Nid d&#8217;Izel facade\" alt=\"\" srcset=\"https:\/\/chiny-tourisme.be\/wp-content\/uploads\/2016\/04\/Nid-dIzel-facade-1-705x386.jpg 705w, https:\/\/chiny-tourisme.be\/wp-content\/uploads\/2016\/04\/Nid-dIzel-facade-1-300x164.jpg 300w, https:\/\/chiny-tourisme.be\/wp-content\/uploads\/2016\/04\/Nid-dIzel-facade-1-768x421.jpg 768w, https:\/\/chiny-tourisme.be\/wp-content\/uploads\/2016\/04\/Nid-dIzel-facade-1-450x246.jpg 450w, https:\/\/chiny-tourisme.be\/wp-content\/uploads\/2016\/04\/Nid-dIzel-facade-1.jpg 840w\" sizes=\"(max-width: 705px) 100vw, 705px\" \/><\/div><\/div><\/figure><\/a><!--end av-masonry entry--><a href=\"https:\/\/chiny-tourisme.be\/wp-content\/uploads\/2016\/04\/Nid-dIzel-C\u00f4t\u00e9-1-1.jpg\" data-srcset=\"https:\/\/chiny-tourisme.be\/wp-content\/uploads\/2016\/04\/Nid-dIzel-C\u00f4t\u00e9-1-1.jpg 840w, https:\/\/chiny-tourisme.be\/wp-content\/uploads\/2016\/04\/Nid-dIzel-C\u00f4t\u00e9-1-1-300x164.jpg 300w, https:\/\/chiny-tourisme.be\/wp-content\/uploads\/2016\/04\/Nid-dIzel-C\u00f4t\u00e9-1-1-768x421.jpg 768w, https:\/\/chiny-tourisme.be\/wp-content\/uploads\/2016\/04\/Nid-dIzel-C\u00f4t\u00e9-1-1-705x386.jpg 705w, https:\/\/chiny-tourisme.be\/wp-content\/uploads\/2016\/04\/Nid-dIzel-C\u00f4t\u00e9-1-1-450x246.jpg 450w\" data-sizes=\"(max-width: 840px) 100vw, 840px\"  aria-label=\"afbeelding Nid d&#8217;Izel C\u00f4t\u00e9 1\"  id='av-masonry-1-item-10452' data-av-masonry-item='10452' class='av-masonry-entry isotope-item post-10452 attachment type-attachment status-inherit hentry  av-masonry-item-with-image' title=\"Nid d&#8217;Izel C\u00f4t\u00e9 1\" alt=\"\"    itemprop=\"thumbnailUrl\" ><div class='av-inner-masonry-sizer'><\/div><figure class='av-inner-masonry main_color'><div class=\"av-masonry-outerimage-container\"><div class='av-masonry-image-container'  ><img decoding=\"async\" width=\"705\" height=\"386\" fetchpriority=\"high\" class=\"wp-image-10452 avia-img-lazy-loading-not-10452\"  src=\"https:\/\/chiny-tourisme.be\/wp-content\/uploads\/2016\/04\/Nid-dIzel-C\u00f4t\u00e9-1-1-705x386.jpg\" title=\"Nid d&#8217;Izel C\u00f4t\u00e9 1\" alt=\"\" srcset=\"https:\/\/chiny-tourisme.be\/wp-content\/uploads\/2016\/04\/Nid-dIzel-C\u00f4t\u00e9-1-1-705x386.jpg 705w, https:\/\/chiny-tourisme.be\/wp-content\/uploads\/2016\/04\/Nid-dIzel-C\u00f4t\u00e9-1-1-300x164.jpg 300w, https:\/\/chiny-tourisme.be\/wp-content\/uploads\/2016\/04\/Nid-dIzel-C\u00f4t\u00e9-1-1-768x421.jpg 768w, https:\/\/chiny-tourisme.be\/wp-content\/uploads\/2016\/04\/Nid-dIzel-C\u00f4t\u00e9-1-1-450x246.jpg 450w, https:\/\/chiny-tourisme.be\/wp-content\/uploads\/2016\/04\/Nid-dIzel-C\u00f4t\u00e9-1-1.jpg 840w\" sizes=\"(max-width: 705px) 100vw, 705px\" \/><\/div><\/div><\/figure><\/a><!--end av-masonry entry--><a href=\"https:\/\/chiny-tourisme.be\/wp-content\/uploads\/2016\/04\/Nid-dIzel-veranda-restaurant-1-1030x684.jpg\" data-srcset=\"https:\/\/chiny-tourisme.be\/wp-content\/uploads\/2016\/04\/Nid-dIzel-veranda-restaurant-1-1030x684.jpg 1030w, https:\/\/chiny-tourisme.be\/wp-content\/uploads\/2016\/04\/Nid-dIzel-veranda-restaurant-1-300x199.jpg 300w, https:\/\/chiny-tourisme.be\/wp-content\/uploads\/2016\/04\/Nid-dIzel-veranda-restaurant-1-768x510.jpg 768w, https:\/\/chiny-tourisme.be\/wp-content\/uploads\/2016\/04\/Nid-dIzel-veranda-restaurant-1-1500x996.jpg 1500w, https:\/\/chiny-tourisme.be\/wp-content\/uploads\/2016\/04\/Nid-dIzel-veranda-restaurant-1-705x468.jpg 705w, https:\/\/chiny-tourisme.be\/wp-content\/uploads\/2016\/04\/Nid-dIzel-veranda-restaurant-1-450x299.jpg 450w\" data-sizes=\"(max-width: 1030px) 100vw, 1030px\"  aria-label=\"afbeelding Nid d&#8217;Izel veranda restaurant\"  id='av-masonry-1-item-10456' data-av-masonry-item='10456' class='av-masonry-entry isotope-item post-10456 attachment type-attachment status-inherit hentry  av-masonry-item-with-image' title=\"Nid d&#8217;Izel veranda restaurant\" alt=\"\"    itemprop=\"thumbnailUrl\" ><div class='av-inner-masonry-sizer'><\/div><figure class='av-inner-masonry main_color'><div class=\"av-masonry-outerimage-container\"><div class='av-masonry-image-container'  ><img decoding=\"async\" width=\"705\" height=\"468\" fetchpriority=\"high\" class=\"wp-image-10456 avia-img-lazy-loading-not-10456\"  src=\"https:\/\/chiny-tourisme.be\/wp-content\/uploads\/2016\/04\/Nid-dIzel-veranda-restaurant-1-705x468.jpg\" title=\"Nid d&#8217;Izel veranda restaurant\" alt=\"\" srcset=\"https:\/\/chiny-tourisme.be\/wp-content\/uploads\/2016\/04\/Nid-dIzel-veranda-restaurant-1-705x468.jpg 705w, https:\/\/chiny-tourisme.be\/wp-content\/uploads\/2016\/04\/Nid-dIzel-veranda-restaurant-1-300x199.jpg 300w, https:\/\/chiny-tourisme.be\/wp-content\/uploads\/2016\/04\/Nid-dIzel-veranda-restaurant-1-768x510.jpg 768w, https:\/\/chiny-tourisme.be\/wp-content\/uploads\/2016\/04\/Nid-dIzel-veranda-restaurant-1-1030x684.jpg 1030w, https:\/\/chiny-tourisme.be\/wp-content\/uploads\/2016\/04\/Nid-dIzel-veranda-restaurant-1-1500x996.jpg 1500w, https:\/\/chiny-tourisme.be\/wp-content\/uploads\/2016\/04\/Nid-dIzel-veranda-restaurant-1-450x299.jpg 450w\" sizes=\"(max-width: 705px) 100vw, 705px\" \/><\/div><\/div><\/figure><\/a><!--end av-masonry entry--><a href=\"https:\/\/chiny-tourisme.be\/wp-content\/uploads\/2016\/04\/Nid-dIzel-Lounge-1-1030x684.jpg\" data-srcset=\"https:\/\/chiny-tourisme.be\/wp-content\/uploads\/2016\/04\/Nid-dIzel-Lounge-1-1030x684.jpg 1030w, https:\/\/chiny-tourisme.be\/wp-content\/uploads\/2016\/04\/Nid-dIzel-Lounge-1-300x199.jpg 300w, https:\/\/chiny-tourisme.be\/wp-content\/uploads\/2016\/04\/Nid-dIzel-Lounge-1-768x510.jpg 768w, https:\/\/chiny-tourisme.be\/wp-content\/uploads\/2016\/04\/Nid-dIzel-Lounge-1-1500x996.jpg 1500w, https:\/\/chiny-tourisme.be\/wp-content\/uploads\/2016\/04\/Nid-dIzel-Lounge-1-705x468.jpg 705w, https:\/\/chiny-tourisme.be\/wp-content\/uploads\/2016\/04\/Nid-dIzel-Lounge-1-450x299.jpg 450w\" data-sizes=\"(max-width: 1030px) 100vw, 1030px\"  aria-label=\"afbeelding Nid d&#8217;Izel Lounge\"  id='av-masonry-1-item-10455' data-av-masonry-item='10455' class='av-masonry-entry isotope-item post-10455 attachment type-attachment status-inherit hentry  av-masonry-item-with-image' title=\"Nid d&#8217;Izel Lounge\" alt=\"\"    itemprop=\"thumbnailUrl\" ><div class='av-inner-masonry-sizer'><\/div><figure class='av-inner-masonry main_color'><div class=\"av-masonry-outerimage-container\"><div class='av-masonry-image-container'  ><img decoding=\"async\" width=\"705\" height=\"468\" fetchpriority=\"high\" class=\"wp-image-10455 avia-img-lazy-loading-not-10455\"  src=\"https:\/\/chiny-tourisme.be\/wp-content\/uploads\/2016\/04\/Nid-dIzel-Lounge-1-705x468.jpg\" title=\"Nid d&#8217;Izel Lounge\" alt=\"\" srcset=\"https:\/\/chiny-tourisme.be\/wp-content\/uploads\/2016\/04\/Nid-dIzel-Lounge-1-705x468.jpg 705w, https:\/\/chiny-tourisme.be\/wp-content\/uploads\/2016\/04\/Nid-dIzel-Lounge-1-300x199.jpg 300w, https:\/\/chiny-tourisme.be\/wp-content\/uploads\/2016\/04\/Nid-dIzel-Lounge-1-768x510.jpg 768w, https:\/\/chiny-tourisme.be\/wp-content\/uploads\/2016\/04\/Nid-dIzel-Lounge-1-1030x684.jpg 1030w, https:\/\/chiny-tourisme.be\/wp-content\/uploads\/2016\/04\/Nid-dIzel-Lounge-1-1500x996.jpg 1500w, https:\/\/chiny-tourisme.be\/wp-content\/uploads\/2016\/04\/Nid-dIzel-Lounge-1-450x299.jpg 450w\" sizes=\"(max-width: 705px) 100vw, 705px\" \/><\/div><\/div><\/figure><\/a><!--end av-masonry entry--><a href=\"https:\/\/chiny-tourisme.be\/wp-content\/uploads\/2016\/04\/Nid-dIzel-2-1030x639.jpeg\" data-srcset=\"https:\/\/chiny-tourisme.be\/wp-content\/uploads\/2016\/04\/Nid-dIzel-2-1030x639.jpeg 1030w, https:\/\/chiny-tourisme.be\/wp-content\/uploads\/2016\/04\/Nid-dIzel-2-300x186.jpeg 300w, https:\/\/chiny-tourisme.be\/wp-content\/uploads\/2016\/04\/Nid-dIzel-2-768x477.jpeg 768w, https:\/\/chiny-tourisme.be\/wp-content\/uploads\/2016\/04\/Nid-dIzel-2-705x438.jpeg 705w, https:\/\/chiny-tourisme.be\/wp-content\/uploads\/2016\/04\/Nid-dIzel-2-450x279.jpeg 450w, https:\/\/chiny-tourisme.be\/wp-content\/uploads\/2016\/04\/Nid-dIzel-2.jpeg 1155w\" data-sizes=\"(max-width: 1030px) 100vw, 1030px\"  aria-label=\"afbeelding Nid d&#8217;Izel 2\"  id='av-masonry-1-item-10450' data-av-masonry-item='10450' class='av-masonry-entry isotope-item post-10450 attachment type-attachment status-inherit hentry  av-masonry-item-with-image' title=\"Nid d&#8217;Izel 2\" alt=\"\"    itemprop=\"thumbnailUrl\" ><div class='av-inner-masonry-sizer'><\/div><figure class='av-inner-masonry main_color'><div class=\"av-masonry-outerimage-container\"><div class='av-masonry-image-container'  ><img decoding=\"async\" width=\"705\" height=\"438\" fetchpriority=\"high\" class=\"wp-image-10450 avia-img-lazy-loading-not-10450\"  src=\"https:\/\/chiny-tourisme.be\/wp-content\/uploads\/2016\/04\/Nid-dIzel-2-705x438.jpeg\" title=\"Nid d&#8217;Izel 2\" alt=\"\" srcset=\"https:\/\/chiny-tourisme.be\/wp-content\/uploads\/2016\/04\/Nid-dIzel-2-705x438.jpeg 705w, https:\/\/chiny-tourisme.be\/wp-content\/uploads\/2016\/04\/Nid-dIzel-2-300x186.jpeg 300w, https:\/\/chiny-tourisme.be\/wp-content\/uploads\/2016\/04\/Nid-dIzel-2-768x477.jpeg 768w, https:\/\/chiny-tourisme.be\/wp-content\/uploads\/2016\/04\/Nid-dIzel-2-1030x639.jpeg 1030w, https:\/\/chiny-tourisme.be\/wp-content\/uploads\/2016\/04\/Nid-dIzel-2-450x279.jpeg 450w, https:\/\/chiny-tourisme.be\/wp-content\/uploads\/2016\/04\/Nid-dIzel-2.jpeg 1155w\" sizes=\"(max-width: 705px) 100vw, 705px\" \/><\/div><\/div><\/figure><\/a><!--end av-masonry entry--><\/div><\/div><\/div>\n\n<style type=\"text\/css\" data-created_by=\"avia_inline_auto\" id=\"style-css-av-av_one_half-2a64de42b738552fe666ca889af77e28\">\n.flex_column.av-av_one_half-2a64de42b738552fe666ca889af77e28{\nborder-radius:0px 0px 0px 0px;\npadding:0px 0px 0px 0px;\n}\n<\/style>\n<div  class='flex_column av-av_one_half-2a64de42b738552fe666ca889af77e28 av_one_half  avia-builder-el-2  el_after_av_one_half  avia-builder-el-last  flex_column_div av-zero-column-padding  '     ><section  class='av_textblock_section av-av_textblock-0366cc7376be6c9e82a3e9cc8987b64f '   itemscope=\"itemscope\" itemtype=\"https:\/\/schema.org\/CreativeWork\" ><div class='avia_textblock'  itemprop=\"text\" ><div class=\"texte\">\n<h1>Le Nid d\u2019Izel &#8211; H\u00f4tel Restaurant<\/h1>\n<p>De nieuwe uitbaters verwelkomen u hartelijk in Le Nid d&#8217;Izel en zullen er voor zorgen dat u een aangenaam verblijf beleeft.<\/p>\n<\/div>\n<div class=\"texte\">Kwaliteit, gezelligheid en een gedreven team zijn de ingredi\u00ebnten om van uw verblijf een onvergetelijk<br \/>\nmoment te maken.<\/div>\n<div class=\"texte\">Le Nid d\u2019Izel is een <strong>3 sterren<\/strong> <strong>hotel<\/strong> met <strong>restaurant, bar en een aangename tuin<\/strong>.<\/div>\n<div class=\"texte\"><\/div>\n<div class=\"texte\">Het hotel \u2013 restaurant is gelegen in het zuiden van de provincie Luxemburg, in de regio \u00ab Gaume\/Ardenne \u00bb, vlakbij de Semois, op 5 minuten van Florenville en de prachtige abdij van Orval. De Franse grens en het Groothertogdom Luxemburg zijn niet ver af.<\/div>\n<div class=\"texte\"><\/div>\n<div class=\"texte\">Het hotel beschikt over<strong> 23 volledig uitgeruste kamers<\/strong> (TV LCD, minikoelkast, set voor koffie\/thee, en volledig ingerichte badkmaer.<\/div>\n<div class=\"texte\"><\/div>\n<div class=\"texte\">Er is ook een<strong> vergaderzaal<\/strong> met beamer, paperboard, internet, \u2026.<\/div>\n<div class=\"texte\"><\/div>\n<div class=\"texte\">Het hotel is gelegen in een zeer rustig dorpje, ideaal voor de vakantieganger die uitkijkt naar een &#8220;relax verblijf &#8221; in een groene omgeving en een &#8220;lekkere maaltijd&#8221;.<\/div>\n<div class=\"texte\">Ook voor hij of zij die om professionele reden in de omgeving wil overnachten is Le Nid d\u2019Izel de ideale keuze.<br \/>\nJonathan &amp; Vincent<br \/>\n<strong>Horaire :<\/strong>Ouvert toute l\u2019ann\u00e9e<br \/>\n\u2022 Heure d\u2019arriv\u00e9e : 15h00 \u2013 21h00<br \/>\n\u2022 Heure de d\u00e9part : 8h00 \u2013 11h00<\/p>\n<p>Le <strong>petit d\u00e9jeuner<\/strong> est accessible de 08h00 \u00e0 10h00 (du lundi au vendredi possibilit\u00e9 pour les<br \/>\nprofessionnel d\u2019un petit d\u00e9jeuner \u00e0 partir de 7h UNIQUEMENT SUR DEMANDE \u00e0 la r\u00e9servation)<br \/>\nLe <strong>bar<\/strong> est ouvert de 15h00 \u00e0 23h00<br \/>\nLe <strong>restaurant<\/strong> est ouvert de 18h00 \u00e0 21h00<\/p>\n<p><strong>H\u00f4tel &amp; Restaurant <\/strong><strong>Le Nid d\u2019Izel &#8211; <\/strong><strong>Gaume \/ Ardenne<\/strong><\/p>\n<p>Avenue Germain Gilson 97<\/p>\n<p>B-6810 Izel (Belgique)<\/p>\n<p>Tel : +32 61 32 10 24 &#8211; Fax : +32 6132 09 65<\/p>\n<p>E-mail: <a href=\"ma&#105;&#108;&#x74;&#x6f;&#x3a;&#x69;nf&#111;&#64;&#x6c;&#x65;&#x6e;&#x69;d&#46;&#98;&#101;\">&#105;n&#x66;o&#x40;l&#x65;n&#x69;d&#x2e;b&#x65;<\/a> &#8211; <a href=\"http:\/\/www.lenid.be\/\">www.lenid.be<\/a><\/p>\n<\/div>\n<\/div><\/section><\/div>\n","protected":false},"excerpt":{"rendered":"","protected":false},"author":2,"featured_media":0,"parent":5476,"menu_order":0,"comment_status":"closed","ping_status":"closed","template":"","meta":{"footnotes":""},"class_list":["post-6085","page","type-page","status-publish","hentry"],"yoast_head":"<!-- This site is optimized with the Yoast SEO plugin v26.8 - https:\/\/yoast.com\/product\/yoast-seo-wordpress\/ -->\n<title>Le Nid d&#039;Izel - Hotel Restaurant - Chiny VVV<\/title>\n<meta name=\"description\" content=\"Le Nid d\u2019Izel is een 3 sterren hotel met restaurant, bar en een aangename tuin. 23 volledig uitgeruste kamers - Vergaderzaal - Lekkere maaltijd\" \/>\n<meta name=\"robots\" content=\"index, follow, max-snippet:-1, max-image-preview:large, max-video-preview:-1\" \/>\n<link rel=\"canonical\" href=\"https:\/\/chiny-tourisme.be\/nl\/overnachting-chiny\/hotel\/le-nid-dizel\/\" \/>\n<meta property=\"og:locale\" content=\"nl_NL\" \/>\n<meta property=\"og:type\" content=\"article\" \/>\n<meta property=\"og:title\" content=\"Le Nid d&#039;Izel - Hotel Restaurant - Chiny VVV\" \/>\n<meta property=\"og:description\" content=\"Le Nid d\u2019Izel is een 3 sterren hotel met restaurant, bar en een aangename tuin. 23 volledig uitgeruste kamers - Vergaderzaal - Lekkere maaltijd\" \/>\n<meta property=\"og:url\" content=\"https:\/\/chiny-tourisme.be\/nl\/overnachting-chiny\/hotel\/le-nid-dizel\/\" \/>\n<meta property=\"og:site_name\" content=\"Bureau de Tourisme de Chiny SI\" \/>\n<meta property=\"article:publisher\" content=\"https:\/\/www.facebook.com\/ChinyTourisme\/\" \/>\n<meta property=\"article:modified_time\" content=\"2016-04-28T20:23:02+00:00\" \/>\n<meta property=\"og:image\" content=\"https:\/\/chiny-tourisme.be\/wp-content\/uploads\/2015\/08\/Logo-Bureau-du-Tourisme-Chiny-grand-1500.png\" \/>\n\t<meta property=\"og:image:width\" content=\"300\" \/>\n\t<meta property=\"og:image:height\" content=\"149\" \/>\n\t<meta property=\"og:image:type\" content=\"image\/png\" \/>\n<meta name=\"twitter:card\" content=\"summary_large_image\" \/>\n<meta name=\"twitter:label1\" content=\"Geschatte leestijd\" \/>\n\t<meta name=\"twitter:data1\" content=\"2 minuten\" \/>\n<script type=\"application\/ld+json\" class=\"yoast-schema-graph\">{\"@context\":\"https:\/\/schema.org\",\"@graph\":[{\"@type\":\"WebPage\",\"@id\":\"https:\/\/chiny-tourisme.be\/nl\/overnachting-chiny\/hotel\/le-nid-dizel\/\",\"url\":\"https:\/\/chiny-tourisme.be\/nl\/overnachting-chiny\/hotel\/le-nid-dizel\/\",\"name\":\"Le Nid d'Izel - Hotel Restaurant - Chiny VVV\",\"isPartOf\":{\"@id\":\"https:\/\/chiny-tourisme.be\/#website\"},\"datePublished\":\"2016-04-28T20:09:06+00:00\",\"dateModified\":\"2016-04-28T20:23:02+00:00\",\"description\":\"Le Nid d\u2019Izel is een 3 sterren hotel met restaurant, bar en een aangename tuin. 23 volledig uitgeruste kamers - Vergaderzaal - Lekkere maaltijd\",\"breadcrumb\":{\"@id\":\"https:\/\/chiny-tourisme.be\/nl\/overnachting-chiny\/hotel\/le-nid-dizel\/#breadcrumb\"},\"inLanguage\":\"nl-NL\",\"potentialAction\":[{\"@type\":\"ReadAction\",\"target\":[\"https:\/\/chiny-tourisme.be\/nl\/overnachting-chiny\/hotel\/le-nid-dizel\/\"]}]},{\"@type\":\"BreadcrumbList\",\"@id\":\"https:\/\/chiny-tourisme.be\/nl\/overnachting-chiny\/hotel\/le-nid-dizel\/#breadcrumb\",\"itemListElement\":[{\"@type\":\"ListItem\",\"position\":1,\"name\":\"Accueil\",\"item\":\"https:\/\/chiny-tourisme.be\/nl\/\"},{\"@type\":\"ListItem\",\"position\":2,\"name\":\"Overnachting in Chiny\",\"item\":\"https:\/\/chiny-tourisme.be\/nl\/overnachting-chiny\/\"},{\"@type\":\"ListItem\",\"position\":3,\"name\":\"De Hotels\",\"item\":\"https:\/\/chiny-tourisme.be\/nl\/overnachting-chiny\/hotel\/\"},{\"@type\":\"ListItem\",\"position\":4,\"name\":\"Le Nid d\u2019Izel\"}]},{\"@type\":\"WebSite\",\"@id\":\"https:\/\/chiny-tourisme.be\/#website\",\"url\":\"https:\/\/chiny-tourisme.be\/\",\"name\":\"Bureau de Tourisme de Chiny SI\",\"description\":\"Le centre d&#039;information \u00e0 Chiny-village\",\"potentialAction\":[{\"@type\":\"SearchAction\",\"target\":{\"@type\":\"EntryPoint\",\"urlTemplate\":\"https:\/\/chiny-tourisme.be\/?s={search_term_string}\"},\"query-input\":{\"@type\":\"PropertyValueSpecification\",\"valueRequired\":true,\"valueName\":\"search_term_string\"}}],\"inLanguage\":\"nl-NL\"}]}<\/script>\n<!-- \/ Yoast SEO plugin. -->","yoast_head_json":{"title":"Le Nid d'Izel - Hotel Restaurant - Chiny VVV","description":"Le Nid d\u2019Izel is een 3 sterren hotel met restaurant, bar en een aangename tuin. 23 volledig uitgeruste kamers - Vergaderzaal - Lekkere maaltijd","robots":{"index":"index","follow":"follow","max-snippet":"max-snippet:-1","max-image-preview":"max-image-preview:large","max-video-preview":"max-video-preview:-1"},"canonical":"https:\/\/chiny-tourisme.be\/nl\/overnachting-chiny\/hotel\/le-nid-dizel\/","og_locale":"nl_NL","og_type":"article","og_title":"Le Nid d'Izel - Hotel Restaurant - Chiny VVV","og_description":"Le Nid d\u2019Izel is een 3 sterren hotel met restaurant, bar en een aangename tuin. 23 volledig uitgeruste kamers - Vergaderzaal - Lekkere maaltijd","og_url":"https:\/\/chiny-tourisme.be\/nl\/overnachting-chiny\/hotel\/le-nid-dizel\/","og_site_name":"Bureau de Tourisme de Chiny SI","article_publisher":"https:\/\/www.facebook.com\/ChinyTourisme\/","article_modified_time":"2016-04-28T20:23:02+00:00","og_image":[{"width":300,"height":149,"url":"https:\/\/chiny-tourisme.be\/wp-content\/uploads\/2015\/08\/Logo-Bureau-du-Tourisme-Chiny-grand-1500.png","type":"image\/png"}],"twitter_card":"summary_large_image","twitter_misc":{"Geschatte leestijd":"2 minuten"},"schema":{"@context":"https:\/\/schema.org","@graph":[{"@type":"WebPage","@id":"https:\/\/chiny-tourisme.be\/nl\/overnachting-chiny\/hotel\/le-nid-dizel\/","url":"https:\/\/chiny-tourisme.be\/nl\/overnachting-chiny\/hotel\/le-nid-dizel\/","name":"Le Nid d'Izel - Hotel Restaurant - Chiny VVV","isPartOf":{"@id":"https:\/\/chiny-tourisme.be\/#website"},"datePublished":"2016-04-28T20:09:06+00:00","dateModified":"2016-04-28T20:23:02+00:00","description":"Le Nid d\u2019Izel is een 3 sterren hotel met restaurant, bar en een aangename tuin. 23 volledig uitgeruste kamers - Vergaderzaal - Lekkere maaltijd","breadcrumb":{"@id":"https:\/\/chiny-tourisme.be\/nl\/overnachting-chiny\/hotel\/le-nid-dizel\/#breadcrumb"},"inLanguage":"nl-NL","potentialAction":[{"@type":"ReadAction","target":["https:\/\/chiny-tourisme.be\/nl\/overnachting-chiny\/hotel\/le-nid-dizel\/"]}]},{"@type":"BreadcrumbList","@id":"https:\/\/chiny-tourisme.be\/nl\/overnachting-chiny\/hotel\/le-nid-dizel\/#breadcrumb","itemListElement":[{"@type":"ListItem","position":1,"name":"Accueil","item":"https:\/\/chiny-tourisme.be\/nl\/"},{"@type":"ListItem","position":2,"name":"Overnachting in Chiny","item":"https:\/\/chiny-tourisme.be\/nl\/overnachting-chiny\/"},{"@type":"ListItem","position":3,"name":"De Hotels","item":"https:\/\/chiny-tourisme.be\/nl\/overnachting-chiny\/hotel\/"},{"@type":"ListItem","position":4,"name":"Le Nid d\u2019Izel"}]},{"@type":"WebSite","@id":"https:\/\/chiny-tourisme.be\/#website","url":"https:\/\/chiny-tourisme.be\/","name":"Bureau de Tourisme de Chiny SI","description":"Le centre d&#039;information \u00e0 Chiny-village","potentialAction":[{"@type":"SearchAction","target":{"@type":"EntryPoint","urlTemplate":"https:\/\/chiny-tourisme.be\/?s={search_term_string}"},"query-input":{"@type":"PropertyValueSpecification","valueRequired":true,"valueName":"search_term_string"}}],"inLanguage":"nl-NL"}]}},"_links":{"self":[{"href":"https:\/\/chiny-tourisme.be\/nl\/wp-json\/wp\/v2\/pages\/6085","targetHints":{"allow":["GET"]}}],"collection":[{"href":"https:\/\/chiny-tourisme.be\/nl\/wp-json\/wp\/v2\/pages"}],"about":[{"href":"https:\/\/chiny-tourisme.be\/nl\/wp-json\/wp\/v2\/types\/page"}],"author":[{"embeddable":true,"href":"https:\/\/chiny-tourisme.be\/nl\/wp-json\/wp\/v2\/users\/2"}],"replies":[{"embeddable":true,"href":"https:\/\/chiny-tourisme.be\/nl\/wp-json\/wp\/v2\/comments?post=6085"}],"version-history":[{"count":0,"href":"https:\/\/chiny-tourisme.be\/nl\/wp-json\/wp\/v2\/pages\/6085\/revisions"}],"up":[{"embeddable":true,"href":"https:\/\/chiny-tourisme.be\/nl\/wp-json\/wp\/v2\/pages\/5476"}],"wp:attachment":[{"href":"https:\/\/chiny-tourisme.be\/nl\/wp-json\/wp\/v2\/media?parent=6085"}],"curies":[{"name":"wp","href":"https:\/\/api.w.org\/{rel}","templated":true}]}}