{"id":7303,"date":"2015-05-20T16:45:12","date_gmt":"2015-05-20T14:45:12","guid":{"rendered":"http:\/\/chiny-tourisme.be\/chasse\/"},"modified":"2025-09-16T15:34:06","modified_gmt":"2025-09-16T13:34:06","slug":"jacht","status":"publish","type":"page","link":"https:\/\/chiny-tourisme.be\/nl\/jacht\/","title":{"rendered":"Jachtprogramma"},"content":{"rendered":"<h1 style=\"text-align: center;\">Planning van de klopjacht 2024<\/h1>\n<p style=\"text-align: center;\"><a href=\"http:\/\/chiny-tourisme.be\/wp-content\/uploads\/2019\/09\/battues-2019-info.xls\" target=\"_blank\" rel=\"noopener noreferrer\"><img loading=\"lazy\" decoding=\"async\" class=\"alignnone wp-image-4797\" src=\"http:\/\/chiny-tourisme.be\/wp-content\/uploads\/2015\/05\/gland-hd-300x188.jpg\" alt=\"Le gland, nourriture des sangliers dont les po\u00e8pulations sont r\u00e9gul\u00e9es par la chasse\" width=\"399\" height=\"250\" srcset=\"https:\/\/chiny-tourisme.be\/wp-content\/uploads\/2015\/05\/gland-hd-300x188.jpg 300w, https:\/\/chiny-tourisme.be\/wp-content\/uploads\/2015\/05\/gland-hd-1030x644.jpg 1030w, https:\/\/chiny-tourisme.be\/wp-content\/uploads\/2015\/05\/gland-hd-705x441.jpg 705w, https:\/\/chiny-tourisme.be\/wp-content\/uploads\/2015\/05\/gland-hd-450x281.jpg 450w, https:\/\/chiny-tourisme.be\/wp-content\/uploads\/2015\/05\/gland-hd.jpg 1280w\" sizes=\"auto, (max-width: 399px) 100vw, 399px\" \/><\/a><\/p>\n<div  class='avia-button-wrap av-3rezgn-1c739166b2d842c58649e0b537b87145-wrap avia-button-center  avia-builder-el-0  el_before_av_button  avia-builder-el-first '><a href='https:\/\/chiny-tourisme.be\/wp-content\/uploads\/2025\/09\/battues-2025.xls?x91738'  class='avia-button av-3rezgn-1c739166b2d842c58649e0b537b87145 av-link-btn avia-icon_select-no avia-size-large avia-position-center avia-color-theme-color'  target=\"_blank\"  rel=\"noopener noreferrer\"  aria-label=\"Planning van de klopjacht 2025\"><span class='avia_iconbox_title' >Planning van de klopjacht 2025<\/span><\/a><\/div>\n<div  class='avia-button-wrap av-3mjsn3-b98165070067075078d3602c0177cb3c-wrap avia-button-center  avia-builder-el-1  el_after_av_button  avia-builder-el-last '><a href='https:\/\/chiny-tourisme.be\/wp-content\/uploads\/2024\/10\/Dates_Chasses_2024.pdf?x91738'  class='avia-button av-3mjsn3-b98165070067075078d3602c0177cb3c av-link-btn avia-icon_select-no avia-size-large avia-position-center avia-color-theme-color'  target=\"_blank\"  rel=\"noopener noreferrer\"  aria-label=\"Map van de klopjacht 2024\"><span class='avia_iconbox_title' >Map van de klopjacht 2024<\/span><\/a><\/div>\n<p style=\"text-align: center;\">De klopjacht begint begin oktober en duurt tot einde december<\/p>\n<p style=\"text-align: center;\">U vindt hier elk\u00a0 jaar het jachtprogramma van Chiny en omgeving, dat afhangt van DNF Florenville<\/p>\n<p style=\"text-align: center;\">(<strong> Divisie Natuur en Bossen) Tel.:+32\u00a0 61 32 52 80<\/strong><\/p>\n<p style=\"text-align: center;\">Enkele keren, in de maand mei is de jacht op reebok toegelaten &#8217;s morgens vroeg en &#8217;s avonds.<\/p>\n<p style=\"text-align: center;\">De jagers zijn verplicht hun jachtterrein duidelijk aan te duiden teneinde ongevallen te vermijden.<\/p>\n<p style=\"text-align: center;\">Hieronder vindt u de tabel van de klopjacht rond Chiny en omgeving tussen midden oktober en eind december.<\/p>\n<p style=\"text-align: center;\">Let wel op: de toeristische dienst van Chiny kan nooit verantwoordelijk gesteld worden voor eventuele programmawijzigingen.<\/p>\n<p style=\"text-align: center;\">Indien u op de hoogte wil zijn van de data van klopjachten op andere plaatsen in de Gaume, dan kan je de website <a href=\"http:\/\/partageonslaforet.be\">http:\/\/partageonslaforet.be<\/a><\/p>\n<p style=\"text-align: center;\">raadplegen<\/p>\n<p>Hieronder vind je de lijst met vleeswaren die verboden zijn op jachtdagen in Chiny:<\/p>\n<p><a href=\"https:\/\/chiny-tourisme.be\/wp-content\/uploads\/2024\/10\/Tableau-chasses-2024.docx\">https:\/\/chiny-tourisme.be\/wp-content\/uploads\/2024\/10\/Tableau-chasses-2024.docx<\/a><\/p>\n","protected":false},"excerpt":{"rendered":"<p>Planning van de klopjacht 2024 De klopjacht begint begin oktober en duurt tot einde december U vindt hier elk\u00a0 jaar het jachtprogramma van Chiny en omgeving, dat afhangt van DNF Florenville ( Divisie Natuur en Bossen) Tel.:+32\u00a0 61 32 52 80 Enkele keren, in de maand mei is de jacht op reebok toegelaten &#8217;s morgens [&hellip;]<\/p>\n","protected":false},"author":2,"featured_media":0,"parent":0,"menu_order":0,"comment_status":"open","ping_status":"open","template":"","meta":{"footnotes":""},"class_list":["post-7303","page","type-page","status-publish","hentry"],"yoast_head":"<!-- This site is optimized with the Yoast SEO plugin v26.8 - https:\/\/yoast.com\/product\/yoast-seo-wordpress\/ -->\n<title>Programme des chasses - Bureau du tourisme de Chiny si<\/title>\n<meta name=\"description\" content=\"La chasse: Vous venez vous promener dans nos for\u00eats ? Prudence: En ces 3 derniers mois de l&#039;ann\u00e9e des battues de chasses ont lieu autour de Chiny.\" \/>\n<meta name=\"robots\" content=\"index, follow, max-snippet:-1, max-image-preview:large, max-video-preview:-1\" \/>\n<link rel=\"canonical\" href=\"https:\/\/chiny-tourisme.be\/nl\/jacht\/\" \/>\n<meta property=\"og:locale\" content=\"nl_NL\" \/>\n<meta property=\"og:type\" content=\"article\" \/>\n<meta property=\"og:title\" content=\"Programme des chasses - Bureau du tourisme de Chiny si\" \/>\n<meta property=\"og:description\" content=\"La chasse: Vous venez vous promener dans nos for\u00eats ? Prudence: En ces 3 derniers mois de l&#039;ann\u00e9e des battues de chasses ont lieu autour de Chiny.\" \/>\n<meta property=\"og:url\" content=\"https:\/\/chiny-tourisme.be\/nl\/jacht\/\" \/>\n<meta property=\"og:site_name\" content=\"Bureau de Tourisme de Chiny SI\" \/>\n<meta property=\"article:publisher\" content=\"https:\/\/www.facebook.com\/ChinyTourisme\/\" \/>\n<meta property=\"article:modified_time\" content=\"2025-09-16T13:34:06+00:00\" \/>\n<meta property=\"og:image\" content=\"http:\/\/chiny-tourisme.be\/wp-content\/uploads\/2015\/05\/gland-hd-300x188.jpg\" \/>\n<meta name=\"twitter:card\" content=\"summary_large_image\" \/>\n<meta name=\"twitter:label1\" content=\"Geschatte leestijd\" \/>\n\t<meta name=\"twitter:data1\" content=\"2 minuten\" \/>\n<script type=\"application\/ld+json\" class=\"yoast-schema-graph\">{\"@context\":\"https:\/\/schema.org\",\"@graph\":[{\"@type\":\"WebPage\",\"@id\":\"https:\/\/chiny-tourisme.be\/nl\/jacht\/\",\"url\":\"https:\/\/chiny-tourisme.be\/nl\/jacht\/\",\"name\":\"Programme des chasses - Bureau du tourisme de Chiny si\",\"isPartOf\":{\"@id\":\"https:\/\/chiny-tourisme.be\/#website\"},\"primaryImageOfPage\":{\"@id\":\"https:\/\/chiny-tourisme.be\/nl\/jacht\/#primaryimage\"},\"image\":{\"@id\":\"https:\/\/chiny-tourisme.be\/nl\/jacht\/#primaryimage\"},\"thumbnailUrl\":\"http:\/\/chiny-tourisme.be\/wp-content\/uploads\/2015\/05\/gland-hd-300x188.jpg\",\"datePublished\":\"2015-05-20T14:45:12+00:00\",\"dateModified\":\"2025-09-16T13:34:06+00:00\",\"description\":\"La chasse: Vous venez vous promener dans nos for\u00eats ? Prudence: En ces 3 derniers mois de l'ann\u00e9e des battues de chasses ont lieu autour de Chiny.\",\"breadcrumb\":{\"@id\":\"https:\/\/chiny-tourisme.be\/nl\/jacht\/#breadcrumb\"},\"inLanguage\":\"nl-NL\",\"potentialAction\":[{\"@type\":\"ReadAction\",\"target\":[\"https:\/\/chiny-tourisme.be\/nl\/jacht\/\"]}]},{\"@type\":\"ImageObject\",\"inLanguage\":\"nl-NL\",\"@id\":\"https:\/\/chiny-tourisme.be\/nl\/jacht\/#primaryimage\",\"url\":\"http:\/\/chiny-tourisme.be\/wp-content\/uploads\/2015\/05\/gland-hd-300x188.jpg\",\"contentUrl\":\"http:\/\/chiny-tourisme.be\/wp-content\/uploads\/2015\/05\/gland-hd-300x188.jpg\"},{\"@type\":\"BreadcrumbList\",\"@id\":\"https:\/\/chiny-tourisme.be\/nl\/jacht\/#breadcrumb\",\"itemListElement\":[{\"@type\":\"ListItem\",\"position\":1,\"name\":\"Accueil\",\"item\":\"https:\/\/chiny-tourisme.be\/nl\/\"},{\"@type\":\"ListItem\",\"position\":2,\"name\":\"Jachtprogramma\"}]},{\"@type\":\"WebSite\",\"@id\":\"https:\/\/chiny-tourisme.be\/#website\",\"url\":\"https:\/\/chiny-tourisme.be\/\",\"name\":\"Bureau de Tourisme de Chiny SI\",\"description\":\"Le centre d&#039;information \u00e0 Chiny-village\",\"potentialAction\":[{\"@type\":\"SearchAction\",\"target\":{\"@type\":\"EntryPoint\",\"urlTemplate\":\"https:\/\/chiny-tourisme.be\/?s={search_term_string}\"},\"query-input\":{\"@type\":\"PropertyValueSpecification\",\"valueRequired\":true,\"valueName\":\"search_term_string\"}}],\"inLanguage\":\"nl-NL\"}]}<\/script>\n<!-- \/ Yoast SEO plugin. -->","yoast_head_json":{"title":"Programme des chasses - Bureau du tourisme de Chiny si","description":"La chasse: Vous venez vous promener dans nos for\u00eats ? Prudence: En ces 3 derniers mois de l'ann\u00e9e des battues de chasses ont lieu autour de Chiny.","robots":{"index":"index","follow":"follow","max-snippet":"max-snippet:-1","max-image-preview":"max-image-preview:large","max-video-preview":"max-video-preview:-1"},"canonical":"https:\/\/chiny-tourisme.be\/nl\/jacht\/","og_locale":"nl_NL","og_type":"article","og_title":"Programme des chasses - Bureau du tourisme de Chiny si","og_description":"La chasse: Vous venez vous promener dans nos for\u00eats ? Prudence: En ces 3 derniers mois de l'ann\u00e9e des battues de chasses ont lieu autour de Chiny.","og_url":"https:\/\/chiny-tourisme.be\/nl\/jacht\/","og_site_name":"Bureau de Tourisme de Chiny SI","article_publisher":"https:\/\/www.facebook.com\/ChinyTourisme\/","article_modified_time":"2025-09-16T13:34:06+00:00","og_image":[{"url":"http:\/\/chiny-tourisme.be\/wp-content\/uploads\/2015\/05\/gland-hd-300x188.jpg","type":"","width":"","height":""}],"twitter_card":"summary_large_image","twitter_misc":{"Geschatte leestijd":"2 minuten"},"schema":{"@context":"https:\/\/schema.org","@graph":[{"@type":"WebPage","@id":"https:\/\/chiny-tourisme.be\/nl\/jacht\/","url":"https:\/\/chiny-tourisme.be\/nl\/jacht\/","name":"Programme des chasses - Bureau du tourisme de Chiny si","isPartOf":{"@id":"https:\/\/chiny-tourisme.be\/#website"},"primaryImageOfPage":{"@id":"https:\/\/chiny-tourisme.be\/nl\/jacht\/#primaryimage"},"image":{"@id":"https:\/\/chiny-tourisme.be\/nl\/jacht\/#primaryimage"},"thumbnailUrl":"http:\/\/chiny-tourisme.be\/wp-content\/uploads\/2015\/05\/gland-hd-300x188.jpg","datePublished":"2015-05-20T14:45:12+00:00","dateModified":"2025-09-16T13:34:06+00:00","description":"La chasse: Vous venez vous promener dans nos for\u00eats ? Prudence: En ces 3 derniers mois de l'ann\u00e9e des battues de chasses ont lieu autour de Chiny.","breadcrumb":{"@id":"https:\/\/chiny-tourisme.be\/nl\/jacht\/#breadcrumb"},"inLanguage":"nl-NL","potentialAction":[{"@type":"ReadAction","target":["https:\/\/chiny-tourisme.be\/nl\/jacht\/"]}]},{"@type":"ImageObject","inLanguage":"nl-NL","@id":"https:\/\/chiny-tourisme.be\/nl\/jacht\/#primaryimage","url":"http:\/\/chiny-tourisme.be\/wp-content\/uploads\/2015\/05\/gland-hd-300x188.jpg","contentUrl":"http:\/\/chiny-tourisme.be\/wp-content\/uploads\/2015\/05\/gland-hd-300x188.jpg"},{"@type":"BreadcrumbList","@id":"https:\/\/chiny-tourisme.be\/nl\/jacht\/#breadcrumb","itemListElement":[{"@type":"ListItem","position":1,"name":"Accueil","item":"https:\/\/chiny-tourisme.be\/nl\/"},{"@type":"ListItem","position":2,"name":"Jachtprogramma"}]},{"@type":"WebSite","@id":"https:\/\/chiny-tourisme.be\/#website","url":"https:\/\/chiny-tourisme.be\/","name":"Bureau de Tourisme de Chiny SI","description":"Le centre d&#039;information \u00e0 Chiny-village","potentialAction":[{"@type":"SearchAction","target":{"@type":"EntryPoint","urlTemplate":"https:\/\/chiny-tourisme.be\/?s={search_term_string}"},"query-input":{"@type":"PropertyValueSpecification","valueRequired":true,"valueName":"search_term_string"}}],"inLanguage":"nl-NL"}]}},"_links":{"self":[{"href":"https:\/\/chiny-tourisme.be\/nl\/wp-json\/wp\/v2\/pages\/7303","targetHints":{"allow":["GET"]}}],"collection":[{"href":"https:\/\/chiny-tourisme.be\/nl\/wp-json\/wp\/v2\/pages"}],"about":[{"href":"https:\/\/chiny-tourisme.be\/nl\/wp-json\/wp\/v2\/types\/page"}],"author":[{"embeddable":true,"href":"https:\/\/chiny-tourisme.be\/nl\/wp-json\/wp\/v2\/users\/2"}],"replies":[{"embeddable":true,"href":"https:\/\/chiny-tourisme.be\/nl\/wp-json\/wp\/v2\/comments?post=7303"}],"version-history":[{"count":45,"href":"https:\/\/chiny-tourisme.be\/nl\/wp-json\/wp\/v2\/pages\/7303\/revisions"}],"predecessor-version":[{"id":12974,"href":"https:\/\/chiny-tourisme.be\/nl\/wp-json\/wp\/v2\/pages\/7303\/revisions\/12974"}],"wp:attachment":[{"href":"https:\/\/chiny-tourisme.be\/nl\/wp-json\/wp\/v2\/media?parent=7303"}],"curies":[{"name":"wp","href":"https:\/\/api.w.org\/{rel}","templated":true}]}}