{"id":8034,"date":"2015-06-09T08:25:49","date_gmt":"2015-06-09T06:25:49","guid":{"rendered":"http:\/\/chiny-tourisme.be\/agenda-animations\/"},"modified":"2018-10-26T09:36:07","modified_gmt":"2018-10-26T07:36:07","slug":"agenda-animatie","status":"publish","type":"page","link":"https:\/\/chiny-tourisme.be\/nl\/agenda-animatie\/","title":{"rendered":"Animatie"},"content":{"rendered":"<section  class='av_textblock_section av-av_textblock-0366cc7376be6c9e82a3e9cc8987b64f '   itemscope=\"itemscope\" itemtype=\"https:\/\/schema.org\/CreativeWork\" ><div class='avia_textblock'  itemprop=\"text\" ><h1 style=\"text-align: center;\">Marquez cet agenda dans vos favoris !<\/h1>\n<p style=\"text-align: center;\">Nous renseignons dans cet agenda les manifestations \u00e0 Chiny et dans les communes voisines.<\/p>\n<h5 style=\"text-align: center;\"><strong><span style=\"color: #ff6600;\">Animations du si<\/span><\/strong> &#8211; <span style=\"color: #0000ff;\"><strong>March\u00e9s<\/strong> <\/span>&#8211; <span style=\"color: #00ffff;\"><strong>Brocantes<\/strong> <\/span>&#8211; <span style=\"color: #ff00ff;\"><strong>Spectacles <\/strong><\/span>&#8211; <span style=\"color: #339966;\"><strong>Autres \u00e9v\u00e8nements<\/strong><\/span><\/h5>\n<p style=\"text-align: center;\"><a href=\"\/?page_id=5103\"><strong>Vous organisez un \u00e9v\u00e8nement ?\u00a0<\/strong> Faites-le nous savoir !<\/a> &#8211; <span style=\"color: #ff6600;\"><strong><a style=\"color: #ff6600;\" href=\"\/?page_id=4573\">Abonnez-vous \u00e0 notre NEWSLETTER<\/a><\/strong><\/span><\/p>\n<p style=\"text-align: center;\"><!-- EventON Calendar --><div id='evcal_calendar_427' class='ajde_evcal_calendar sev cev color esty_2 etttc_custom ajax_loading_cal' ><div id='evcal_head' class='calendar_header evcal_nosort' ><div class='evo_cal_above'><span class='evo-jumper-btn'>mois suivant<\/span><span class='evo-gototoday-btn evo_hide' style='display:none;' data-mo='5' data-yr='2026' data-dy=''>=&gt; aujourd&#039;hui<\/span><\/div><div class='evo_cal_above_content'><div class='evo_j_container' style='display:none'>\n\t\t\t\t\t\t<div class='evo_j_months evo_j_dates' data-val='m'>\n\t\t\t\t\t\t\t<div class='legend evo_jumper_months'><a data-val='1' class='' title='janvier' >janvier<\/a><a data-val='2' class='' title='f\u00e9vrier' >f\u00e9vrier<\/a><a data-val='3' class='' title='mars' >mars<\/a><a data-val='4' class='' title='avril' >avril<\/a><a data-val='5' class='current set' title='mai' >mai<\/a><a data-val='6' class='' title='juin' >juin<\/a><a data-val='7' class='' title='juillet' >juillet<\/a><a data-val='8' class='' title='ao\u00fbt' >ao\u00fbt<\/a><a data-val='9' class='' title='septembre' >septembre<\/a><a data-val='10' class='' title='octobre' >octobre<\/a><a data-val='11' class='' title='novembre' >novembre<\/a><a data-val='12' class='' title='decembre' >decembre<\/a><\/div><div class='clear'><\/div><\/div>\n\t\t\t\t\t\t\n\t\t\t\t\t\t<div class='evo_j_years evo_j_dates' data-val='y'>\n\t\t\t\t\t\t\t<p class='legend'><a class='current set' data-val=\"2026\">2026<\/a><a data-val=\"2027\">2027<\/a><a data-val=\"2028\">2028<\/a><a data-val=\"2029\">2029<\/a><a data-val=\"2030\">2030<\/a><\/p><div class='clear'><\/div>\n\t\t\t\t\t\t<\/div>\n\t\t\t\t\t<\/div><\/div><div class='evo_header_title '><p id='evcal_cur' class='evo_month_title'> mai, 2026<\/p><p class='evo_arrows'>\n\t\t\t\t\t<span id='evcal_prev' class='evcal_arrows evcal_btn_prev evodfx evofx_jc_c evofx_ai_c'><i class='fa fa-chevron-left'><\/i><\/span>\n\t\t\t\t\t<span id='evcal_next' class='evcal_arrows evo_arrow_next evcal_btn_next evodfx evofx_jc_c evofx_ai_c'><i class='fa fa-chevron-right'><\/i><\/span>\n\t\t\t\t\t<\/p><\/div><\/div><div class='eventon_sorting_section' style='display:none'><div class='eventon_filter_line '><div class='eventon_filter evo_sortOpt evo_sortList_event_type' data-filter_field='event_type' data-filter_val='all' data-filter_type='tax' data-fl_o='IN ' data-fldef='all'>\n\t\t\t\t\t\t\t\t\t<p class='filtering_set_val'>\u00e9v\u00e8nements organis\u00e9s par le si<em class='fa fa-check'><\/em><\/p>\n\t\t\t\t\t\t\t\t\t<div class='eventon_filter_dropdown' style='display:none'><p class='evo_filter_val select all' data-filter_val='all'>All<\/p><p class='evo_filter_val select event_type_118 animations-si ' data-filter_val='118' data-filter_slug='animations-si'>Animations du s.i.<\/p><p class='evo_filter_val select event_type_659 balade-champignons ' data-filter_val='659' data-filter_slug='balade-champignons'>balade champignons<\/p><\/div>\t\n\t\t\t\t\t\t\t<\/div><div class='eventon_filter evo_sortOpt evo_sortList_event_type_2' data-filter_field='event_type_2' data-filter_val='all' data-filter_type='tax' data-fl_o='IN ' data-fldef='all'>\n\t\t\t\t\t\t\t\t\t<p class='filtering_set_val'>Ev\u00e8nements d&#039;autres organisations<em class='fa fa-check'><\/em><\/p>\n\t\t\t\t\t\t\t\t\t<div class='eventon_filter_dropdown' style='display:none'><p class='evo_filter_val select all' data-filter_val='all'>All<\/p><p class='evo_filter_val select event_type_2_331 brocantes  np' data-filter_val='331' data-filter_slug='brocantes'>Brocantes<\/p><p class='evo_filter_val select event_type_2_329 autres-organisations ' data-filter_val='329' data-filter_slug='autres-organisations'>Evenements organis\u00e9s par d'autres entit\u00e9s<\/p><p class='evo_filter_val select event_type_2_330 marches  np' data-filter_val='330' data-filter_slug='marches'>March\u00e9s<\/p><\/div>\t\n\t\t\t\t\t\t\t<\/div><\/div><div class='clear'><\/div><\/div><div id='eventon_loadbar_section'><div id='eventon_loadbar'><\/div><\/div><div class='evo_ajax_load_events'><span><\/span><span><\/span><span><\/span><\/div><!-- Events List --><div id='evcal_list' \n\t\t\t\t\tclass='eventon_events_list '>\t\t\t<div class='clear'><\/div>\n\t\t\t<\/div>\n\t\t\t<div class='clear'><\/div>\n\t\t\t\n\t\t\t\t\t \t<div id='evcal_footer' class='evo_bottom' style='display:none'>\n\t\t \t\t<div class='evo_cal_data' data-sc='{&quot;accord&quot;:&quot;no&quot;,&quot;bottom_nav&quot;:&quot;no&quot;,&quot;cal_id&quot;:&quot;&quot;,&quot;cal_init_nonajax&quot;:&quot;no&quot;,&quot;calendar_type&quot;:&quot;default&quot;,&quot;ep_fields&quot;:&quot;&quot;,&quot;etc_override&quot;:&quot;yes&quot;,&quot;evc_open&quot;:&quot;no&quot;,&quot;event_count&quot;:0,&quot;event_location&quot;:&quot;all&quot;,&quot;event_order&quot;:&quot;ASC&quot;,&quot;event_organizer&quot;:&quot;all&quot;,&quot;event_parts&quot;:&quot;no&quot;,&quot;event_past_future&quot;:&quot;future&quot;,&quot;event_status&quot;:&quot;all&quot;,&quot;event_tag&quot;:&quot;all&quot;,&quot;event_type&quot;:&quot;all&quot;,&quot;event_type_2&quot;:&quot;all&quot;,&quot;event_virtual&quot;:&quot;all&quot;,&quot;eventtop_date_style&quot;:0,&quot;eventtop_style&quot;:&quot;2&quot;,&quot;exp_jumper&quot;:&quot;no&quot;,&quot;exp_so&quot;:&quot;no&quot;,&quot;filter_relationship&quot;:&quot;AND&quot;,&quot;filter_show_set_only&quot;:&quot;no&quot;,&quot;filter_type&quot;:&quot;default&quot;,&quot;filters&quot;:&quot;yes&quot;,&quot;fixed_month&quot;:&quot;5&quot;,&quot;fixed_year&quot;:&quot;2026&quot;,&quot;focus_end_date_range&quot;:&quot;1780268399&quot;,&quot;focus_start_date_range&quot;:&quot;1777590000&quot;,&quot;ft_event_priority&quot;:&quot;no&quot;,&quot;hide_arrows&quot;:&quot;no&quot;,&quot;hide_cancels&quot;:&quot;no&quot;,&quot;hide_empty_months&quot;:&quot;no&quot;,&quot;hide_end_time&quot;:&quot;no&quot;,&quot;hide_et_dn&quot;:&quot;no&quot;,&quot;hide_et_extra&quot;:&quot;no&quot;,&quot;hide_et_tags&quot;:&quot;no&quot;,&quot;hide_et_tl&quot;:&quot;no&quot;,&quot;hide_ft&quot;:&quot;no&quot;,&quot;hide_ft_img&quot;:&quot;no&quot;,&quot;hide_month_headers&quot;:&quot;no&quot;,&quot;hide_mult_occur&quot;:&quot;no&quot;,&quot;hide_past&quot;:&quot;yes&quot;,&quot;hide_past_by&quot;:&quot;ee&quot;,&quot;hide_so&quot;:&quot;no&quot;,&quot;ics&quot;:&quot;no&quot;,&quot;jumper&quot;:&quot;yes&quot;,&quot;jumper_count&quot;:5,&quot;jumper_offset&quot;:&quot;2&quot;,&quot;lang&quot;:&quot;L1&quot;,&quot;layout_changer&quot;:&quot;no&quot;,&quot;livenow_bar&quot;:&quot;yes&quot;,&quot;mapformat&quot;:&quot;roadmap&quot;,&quot;mapiconurl&quot;:&quot;&quot;,&quot;maps_load&quot;:&quot;no&quot;,&quot;mapscroll&quot;:&quot;false&quot;,&quot;mapzoom&quot;:&quot;12&quot;,&quot;members_only&quot;:&quot;no&quot;,&quot;ml_priority&quot;:&quot;no&quot;,&quot;month_incre&quot;:0,&quot;number_of_months&quot;:&quot;1&quot;,&quot;only_ft&quot;:&quot;no&quot;,&quot;pec&quot;:&quot;&quot;,&quot;s&quot;:&quot;&quot;,&quot;search&quot;:&quot;&quot;,&quot;search_all&quot;:&quot;no&quot;,&quot;sep_month&quot;:&quot;no&quot;,&quot;show_et_ft_img&quot;:&quot;yes&quot;,&quot;show_limit&quot;:&quot;yes&quot;,&quot;show_limit_ajax&quot;:&quot;no&quot;,&quot;show_limit_paged&quot;:1,&quot;show_limit_redir&quot;:&quot;&quot;,&quot;show_repeats&quot;:&quot;no&quot;,&quot;show_upcoming&quot;:0,&quot;show_year&quot;:&quot;no&quot;,&quot;social_share&quot;:&quot;no&quot;,&quot;sort_by&quot;:&quot;sort_date&quot;,&quot;tile_bg&quot;:0,&quot;tile_bg_size&quot;:&quot;full&quot;,&quot;tile_count&quot;:2,&quot;tile_height&quot;:0,&quot;tile_style&quot;:0,&quot;tiles&quot;:&quot;no&quot;,&quot;ux_val&quot;:&quot;0&quot;,&quot;wpml_l1&quot;:&quot;&quot;,&quot;wpml_l2&quot;:&quot;&quot;,&quot;wpml_l3&quot;:&quot;&quot;,&quot;yl_priority&quot;:&quot;no&quot;,&quot;fixed_day&quot;:&quot;2&quot;,&quot;_cver&quot;:&quot;2.4.9&quot;}'data-od='{&quot;lang_no_events&quot;:&quot;Rien \\u00e0 signaler&quot;,&quot;cal_tz_offset&quot;:60,&quot;cal_tz&quot;:&quot;Europe\\\/London&quot;}'><\/div>\n\t\t \t\t<div class='evo_cal_events' data-events=\"\"><\/div>\n\t\t \t<\/div>\n\t\t\t\t\n\t\t\t\n\t\t\t\n\t\t\t\t\t\t<\/div><!-- EventON End -->\n\t\t\t<\/p>\n<h1>Aux organisateurs d&#8217;\u00e9v\u00e8nements<\/h1>\n<p>Si vous organisez r\u00e9guli\u00e8rement des manifestations (ou que vous \u00eates responsable d&#8217;\u00e9v\u00e8nements r\u00e9currents, comme des march\u00e9s ou\u00a0 des brocantes) <strong><a href=\"http:\/\/chiny-tourisme.be\/nl\/contact\/\">informez-nous de tout changement <\/a><\/strong>&#8230; comme vous le feriez pour d&#8217;autres membres de votre organisation (mettez-nous votre message en copie). Ce serait vraiment sympa.<\/p>\n<h1>A tout le public<\/h1>\n<p><strong>Marquez cet agenda dans vos favoris<\/strong> pour pouvoir y revenir facilement, en un seul clic. <strong>Aidez-nous \u00e0 en faire la promotion<\/strong> aupr\u00e8s de vos amis et connaissances, via vos r\u00e9seaux sociaux ou par mail. Revenez ici &#8220;sans mod\u00e9ration&#8221;.<\/p>\n<p>Avis au public: Le Syndicat d&#8217;initiative de Chiny asbl ne peut \u00eatre tenu responsable de changements inopin\u00e9s intervenant dans l&#8217;organisation des \u00e9v\u00e8nements list\u00e9s ici. Si vous avez des doutes ou des infos compl\u00e9mentaires \u00e0 demander aux organisateurs, leurs coordonn\u00e9es sont le plus souvent mentionn\u00e9es dans le descriptif des \u00e9v\u00e8nements.<\/p>\n<\/div><\/section>\n<div  class='av-social-sharing-box av-av_social_share-3b127c1b25e587c5f93ca5b952c18292 av-social-sharing-box-default  avia-builder-el-1  el_after_av_textblock  avia-builder-el-last  av-social-sharing-box-fullwidth'><div class=\"av-share-box\"><h5 class='av-share-link-description av-no-toc '>Participez \u00e0 la promotion de cette page<\/h5><ul class=\"av-share-box-list noLightbox\"><li class='av-share-link av-social-link-facebook avia_social_iconfont' ><a target=\"_blank\" aria-label=\"Delen op Facebook\" href='https:\/\/www.facebook.com\/sharer.php?u=https:\/\/chiny-tourisme.be\/nl\/agenda-animatie\/&#038;t=Animatie' data-av_icon='\ue8f3' data-av_iconfont='entypo-fontello'  title='' data-avia-related-tooltip='Delen op Facebook'><span class='avia_hidden_link_text'>Delen op Facebook<\/span><\/a><\/li><li class='av-share-link av-social-link-twitter avia_social_iconfont' ><a target=\"_blank\" aria-label=\"Delen op X\" href='https:\/\/twitter.com\/share?text=Animatie&#038;url=https:\/\/chiny-tourisme.be\/nl\/?p=8034' data-av_icon='\ue932' data-av_iconfont='entypo-fontello'  title='' data-avia-related-tooltip='Delen op X'><span class='avia_hidden_link_text'>Delen op X<\/span><\/a><\/li><li class='av-share-link av-social-link-pinterest avia_social_iconfont' ><a target=\"_blank\" aria-label=\"Delen op Pinterest\" href='https:\/\/pinterest.com\/pin\/create\/button\/?url=https%3A%2F%2Fchiny-tourisme.be%2Fnl%2Fagenda-animatie%2F&#038;description=Animatie&#038;media=' data-av_icon='\ue8f8' data-av_iconfont='entypo-fontello'  title='' data-avia-related-tooltip='Delen op Pinterest'><span class='avia_hidden_link_text'>Delen op Pinterest<\/span><\/a><\/li><li class='av-share-link av-social-link-linkedin avia_social_iconfont' ><a target=\"_blank\" aria-label=\"Delen op LinkedIn\" href='https:\/\/linkedin.com\/shareArticle?mini=true&#038;title=Animatie&#038;url=https:\/\/chiny-tourisme.be\/nl\/agenda-animatie\/' data-av_icon='\ue8fc' data-av_iconfont='entypo-fontello'  title='' data-avia-related-tooltip='Delen op LinkedIn'><span class='avia_hidden_link_text'>Delen op LinkedIn<\/span><\/a><\/li><li class='av-share-link av-social-link-tumblr avia_social_iconfont' ><a target=\"_blank\" aria-label=\"Delen op Tumblr\" href='https:\/\/www.tumblr.com\/share\/link?url=https%3A%2F%2Fchiny-tourisme.be%2Fnl%2Fagenda-animatie%2F&#038;name=Animatie&#038;description=' data-av_icon='\ue8fa' data-av_iconfont='entypo-fontello'  title='' data-avia-related-tooltip='Delen op Tumblr'><span class='avia_hidden_link_text'>Delen op Tumblr<\/span><\/a><\/li><li class='av-share-link av-social-link-mail avia_social_iconfont' ><a  aria-label=\"Delen via e-mail\" href='mailto:?subject=Animatie&#038;body=https:\/\/chiny-tourisme.be\/nl\/agenda-animatie\/' data-av_icon='\ue805' data-av_iconfont='entypo-fontello'  title='' data-avia-related-tooltip='Delen via e-mail'><span class='avia_hidden_link_text'>Delen via e-mail<\/span><\/a><\/li><\/ul><\/div><\/div>\n","protected":false},"excerpt":{"rendered":"","protected":false},"author":2,"featured_media":0,"parent":0,"menu_order":0,"comment_status":"closed","ping_status":"open","template":"","meta":{"footnotes":""},"class_list":["post-8034","page","type-page","status-publish","hentry"],"yoast_head":"<!-- This site is optimized with the Yoast SEO plugin v26.8 - https:\/\/yoast.com\/product\/yoast-seo-wordpress\/ -->\n<title>Agenda des animations - Bureau du Tourisme de Chiny si<\/title>\n<meta name=\"description\" content=\"Agenda des animations, promenades et randonn\u00e9es organis\u00e9es par le Bureau du Tourisme de Chiny si et d&#039;autres \u00e9v\u00e8nements ou manifestations dans les environs\" \/>\n<meta name=\"robots\" content=\"index, follow, max-snippet:-1, max-image-preview:large, max-video-preview:-1\" \/>\n<link rel=\"canonical\" href=\"https:\/\/chiny-tourisme.be\/nl\/agenda-animatie\/\" \/>\n<meta property=\"og:locale\" content=\"nl_NL\" \/>\n<meta property=\"og:type\" content=\"article\" \/>\n<meta property=\"og:title\" content=\"Agenda des animations - Bureau du Tourisme de Chiny si\" \/>\n<meta property=\"og:description\" content=\"Agenda des animations, promenades et randonn\u00e9es organis\u00e9es par le Bureau du Tourisme de Chiny si et d&#039;autres \u00e9v\u00e8nements ou manifestations dans les environs\" \/>\n<meta property=\"og:url\" content=\"https:\/\/chiny-tourisme.be\/nl\/agenda-animatie\/\" \/>\n<meta property=\"og:site_name\" content=\"Bureau de Tourisme de Chiny SI\" \/>\n<meta property=\"article:publisher\" content=\"https:\/\/www.facebook.com\/ChinyTourisme\/\" \/>\n<meta property=\"article:modified_time\" content=\"2018-10-26T07:36:07+00:00\" \/>\n<meta property=\"og:image\" content=\"https:\/\/chiny-tourisme.be\/wp-content\/uploads\/2015\/08\/Logo-Bureau-du-Tourisme-Chiny-grand-1500.png\" \/>\n\t<meta property=\"og:image:width\" content=\"300\" \/>\n\t<meta property=\"og:image:height\" content=\"149\" \/>\n\t<meta property=\"og:image:type\" content=\"image\/png\" \/>\n<meta name=\"twitter:card\" content=\"summary_large_image\" \/>\n<meta name=\"twitter:label1\" content=\"Geschatte leestijd\" \/>\n\t<meta name=\"twitter:data1\" content=\"1 minuut\" \/>\n<script type=\"application\/ld+json\" class=\"yoast-schema-graph\">{\"@context\":\"https:\/\/schema.org\",\"@graph\":[{\"@type\":\"WebPage\",\"@id\":\"https:\/\/chiny-tourisme.be\/nl\/agenda-animatie\/\",\"url\":\"https:\/\/chiny-tourisme.be\/nl\/agenda-animatie\/\",\"name\":\"Agenda des animations - Bureau du Tourisme de Chiny si\",\"isPartOf\":{\"@id\":\"https:\/\/chiny-tourisme.be\/#website\"},\"datePublished\":\"2015-06-09T06:25:49+00:00\",\"dateModified\":\"2018-10-26T07:36:07+00:00\",\"description\":\"Agenda des animations, promenades et randonn\u00e9es organis\u00e9es par le Bureau du Tourisme de Chiny si et d'autres \u00e9v\u00e8nements ou manifestations dans les environs\",\"breadcrumb\":{\"@id\":\"https:\/\/chiny-tourisme.be\/nl\/agenda-animatie\/#breadcrumb\"},\"inLanguage\":\"nl-NL\",\"potentialAction\":[{\"@type\":\"ReadAction\",\"target\":[\"https:\/\/chiny-tourisme.be\/nl\/agenda-animatie\/\"]}]},{\"@type\":\"BreadcrumbList\",\"@id\":\"https:\/\/chiny-tourisme.be\/nl\/agenda-animatie\/#breadcrumb\",\"itemListElement\":[{\"@type\":\"ListItem\",\"position\":1,\"name\":\"Accueil\",\"item\":\"https:\/\/chiny-tourisme.be\/nl\/\"},{\"@type\":\"ListItem\",\"position\":2,\"name\":\"Animatie\"}]},{\"@type\":\"WebSite\",\"@id\":\"https:\/\/chiny-tourisme.be\/#website\",\"url\":\"https:\/\/chiny-tourisme.be\/\",\"name\":\"Bureau de Tourisme de Chiny SI\",\"description\":\"Le centre d&#039;information \u00e0 Chiny-village\",\"potentialAction\":[{\"@type\":\"SearchAction\",\"target\":{\"@type\":\"EntryPoint\",\"urlTemplate\":\"https:\/\/chiny-tourisme.be\/?s={search_term_string}\"},\"query-input\":{\"@type\":\"PropertyValueSpecification\",\"valueRequired\":true,\"valueName\":\"search_term_string\"}}],\"inLanguage\":\"nl-NL\"}]}<\/script>\n<!-- \/ Yoast SEO plugin. -->","yoast_head_json":{"title":"Agenda des animations - Bureau du Tourisme de Chiny si","description":"Agenda des animations, promenades et randonn\u00e9es organis\u00e9es par le Bureau du Tourisme de Chiny si et d'autres \u00e9v\u00e8nements ou manifestations dans les environs","robots":{"index":"index","follow":"follow","max-snippet":"max-snippet:-1","max-image-preview":"max-image-preview:large","max-video-preview":"max-video-preview:-1"},"canonical":"https:\/\/chiny-tourisme.be\/nl\/agenda-animatie\/","og_locale":"nl_NL","og_type":"article","og_title":"Agenda des animations - Bureau du Tourisme de Chiny si","og_description":"Agenda des animations, promenades et randonn\u00e9es organis\u00e9es par le Bureau du Tourisme de Chiny si et d'autres \u00e9v\u00e8nements ou manifestations dans les environs","og_url":"https:\/\/chiny-tourisme.be\/nl\/agenda-animatie\/","og_site_name":"Bureau de Tourisme de Chiny SI","article_publisher":"https:\/\/www.facebook.com\/ChinyTourisme\/","article_modified_time":"2018-10-26T07:36:07+00:00","og_image":[{"width":300,"height":149,"url":"https:\/\/chiny-tourisme.be\/wp-content\/uploads\/2015\/08\/Logo-Bureau-du-Tourisme-Chiny-grand-1500.png","type":"image\/png"}],"twitter_card":"summary_large_image","twitter_misc":{"Geschatte leestijd":"1 minuut"},"schema":{"@context":"https:\/\/schema.org","@graph":[{"@type":"WebPage","@id":"https:\/\/chiny-tourisme.be\/nl\/agenda-animatie\/","url":"https:\/\/chiny-tourisme.be\/nl\/agenda-animatie\/","name":"Agenda des animations - Bureau du Tourisme de Chiny si","isPartOf":{"@id":"https:\/\/chiny-tourisme.be\/#website"},"datePublished":"2015-06-09T06:25:49+00:00","dateModified":"2018-10-26T07:36:07+00:00","description":"Agenda des animations, promenades et randonn\u00e9es organis\u00e9es par le Bureau du Tourisme de Chiny si et d'autres \u00e9v\u00e8nements ou manifestations dans les environs","breadcrumb":{"@id":"https:\/\/chiny-tourisme.be\/nl\/agenda-animatie\/#breadcrumb"},"inLanguage":"nl-NL","potentialAction":[{"@type":"ReadAction","target":["https:\/\/chiny-tourisme.be\/nl\/agenda-animatie\/"]}]},{"@type":"BreadcrumbList","@id":"https:\/\/chiny-tourisme.be\/nl\/agenda-animatie\/#breadcrumb","itemListElement":[{"@type":"ListItem","position":1,"name":"Accueil","item":"https:\/\/chiny-tourisme.be\/nl\/"},{"@type":"ListItem","position":2,"name":"Animatie"}]},{"@type":"WebSite","@id":"https:\/\/chiny-tourisme.be\/#website","url":"https:\/\/chiny-tourisme.be\/","name":"Bureau de Tourisme de Chiny SI","description":"Le centre d&#039;information \u00e0 Chiny-village","potentialAction":[{"@type":"SearchAction","target":{"@type":"EntryPoint","urlTemplate":"https:\/\/chiny-tourisme.be\/?s={search_term_string}"},"query-input":{"@type":"PropertyValueSpecification","valueRequired":true,"valueName":"search_term_string"}}],"inLanguage":"nl-NL"}]}},"_links":{"self":[{"href":"https:\/\/chiny-tourisme.be\/nl\/wp-json\/wp\/v2\/pages\/8034","targetHints":{"allow":["GET"]}}],"collection":[{"href":"https:\/\/chiny-tourisme.be\/nl\/wp-json\/wp\/v2\/pages"}],"about":[{"href":"https:\/\/chiny-tourisme.be\/nl\/wp-json\/wp\/v2\/types\/page"}],"author":[{"embeddable":true,"href":"https:\/\/chiny-tourisme.be\/nl\/wp-json\/wp\/v2\/users\/2"}],"replies":[{"embeddable":true,"href":"https:\/\/chiny-tourisme.be\/nl\/wp-json\/wp\/v2\/comments?post=8034"}],"version-history":[{"count":0,"href":"https:\/\/chiny-tourisme.be\/nl\/wp-json\/wp\/v2\/pages\/8034\/revisions"}],"wp:attachment":[{"href":"https:\/\/chiny-tourisme.be\/nl\/wp-json\/wp\/v2\/media?parent=8034"}],"curies":[{"name":"wp","href":"https:\/\/api.w.org\/{rel}","templated":true}]}}